{"id":3543,"date":"2018-05-09T16:29:26","date_gmt":"2018-05-09T14:29:26","guid":{"rendered":"https:\/\/www.audiris.be\/consulting-gerichte-opdracht-inzake-verzekeringen\/"},"modified":"2018-06-13T10:56:41","modified_gmt":"2018-06-13T08:56:41","slug":"consulting-gerichte-opdracht-inzake-verzekeringen","status":"publish","type":"page","link":"https:\/\/www.audiris.be\/nl\/consulting-gerichte-opdracht-inzake-verzekeringen\/","title":{"rendered":"Consulting: Gerichte opdracht inzake verzekeringen"},"content":{"rendered":"<p>[vc_row][vc_column][vc_column_text]<\/p>\n<p class=\"p1\"><span class=\"s1\"><b>Wenst uw politiezone, woningcorporatie, gesubsidieerde VZW (of elke andere aanbestedende dienst) of priv\u00e9onderneming begeleid te worden in het kader van opdrachten inzake verzekeringen? Vertrouw Audiris, een onomstreden specialist in dit domein, een mandaat voor gerichte opdrachten toe.<\/b><\/span><\/p>\n<p>[\/vc_column_text][vc_empty_space][\/vc_column][\/vc_row][vc_row][vc_column][vc_separator color=&#8221;custom&#8221; accent_color=&#8221;#006594&#8243;][vc_column_text]<\/p>\n<h3 class=\"p1\"><span class=\"s1\"><b>Verscheidene gerichte opdrachten<\/b><\/span><\/h3>\n<p class=\"p1\"><span class=\"s1\">Advies over de inhoud of het beheer van uw verzekeringspolissen, risicocontrole, beheer van ingewikkelde schadegevallen, co\u00f6rdinatie met verzekeringsmaatschappijen \u2026 Wat uw behoeften ook zijn, Audiris biedt u zijn gehele (administratieve, juridische, verzekeringsrechtgerichte) <b>expertise<\/b> voor <b>gerichte opdrachten<\/b> inzake verzekeringen.<\/span><\/p>\n<p>[\/vc_column_text][vc_separator color=&#8221;custom&#8221; accent_color=&#8221;#006594&#8243;][vc_empty_space][\/vc_column][\/vc_row][vc_row][vc_column][vc_column_text]<\/p>\n<h3 class=\"p1\"><span class=\"s1\"><b>Winnende onafhankelijkheid<\/b><\/span><\/h3>\n<p class=\"p1\"><span class=\"s1\">Verder dan opleidingen en ervaring biedt Audiris u ook <b>onafhankelijkheid<\/b> en <b>specialisatie<\/b>, wat uniek is op de markt. We zijn immers onafhankelijk van elke verzekeringsmaatschappij, wat \u00e9\u00e9n van onze sterktes is. U kunt op de onafhankelijkheid en de <b>kennis<\/b> van onze experts vertrouwen om elke gerichte opdracht inzake verzekeringen methodisch te beheren. Graag zal Audiris zijn sterke punten tot uw dienst stellen:<\/span><\/p>\n<ul class=\"ul1\">\n<li class=\"li1\"><span class=\"s1\">Meer dan 20 jaar juridische expertise in verzekeringsrecht en overheidsopdrachten<\/span><\/li>\n<li class=\"li1\"><span class=\"s1\">Grote nauwlettendheid<\/span><\/li>\n<li class=\"li1\"><span class=\"s1\">Werk op maat op basis van uw verzekeringsportefeuille<\/span><\/li>\n<li class=\"li1\"><span class=\"s1\">Regiewerk\/mandaat<\/span><\/li>\n<li class=\"li1\"><span class=\"s1\">Pedagogie in de uitwisseling van informatie<\/span><\/li>\n<\/ul>\n<p>[\/vc_column_text][vc_empty_space][\/vc_column][\/vc_row][vc_row][vc_column width=&#8221;1\/2&#8243;][vc_btn title=&#8221;Contacteer ons om te spreken over een mandaat voor gerichte opdrachten&#8221; style=&#8221;custom&#8221; custom_background=&#8221;#e4ad59&#8243; custom_text=&#8221;#ffffff&#8221; align=&#8221;center&#8221; i_icon_fontawesome=&#8221;fa fa-envelope&#8221; button_block=&#8221;true&#8221; add_icon=&#8221;true&#8221;][\/vc_column][vc_column width=&#8221;1\/2&#8243;][vc_btn title=&#8221;Bel ons op om ons een gerichte opdracht inzake verzekeringen toe te vertrouwen&#8221; style=&#8221;custom&#8221; custom_background=&#8221;#e4ad59&#8243; custom_text=&#8221;#ffffff&#8221; align=&#8221;center&#8221; i_icon_fontawesome=&#8221;fa fa-phone&#8221; button_block=&#8221;true&#8221; add_icon=&#8221;true&#8221;][\/vc_column][\/vc_row]<\/p>\n","protected":false},"excerpt":{"rendered":"<p>[vc_row][vc_column][vc_column_text] Wenst uw politiezone, woningcorporatie, gesubsidieerde VZW (of elke andere aanbestedende dienst) of priv\u00e9onderneming begeleid te worden in het kader van opdrachten inzake verzekeringen? Vertrouw Audiris, een onomstreden specialist in dit domein, een mandaat voor gerichte opdrachten toe. [\/vc_column_text][vc_empty_space][\/vc_column][\/vc_row][vc_row][vc_column][vc_separator color=&#8221;custom&#8221; accent_color=&#8221;#006594&#8243;][vc_column_text] Verscheidene gerichte opdrachten Advies over de inhoud of het [&hellip;]<\/p>\n","protected":false},"author":4,"featured_media":0,"parent":0,"menu_order":0,"comment_status":"closed","ping_status":"closed","template":"","meta":{"_exactmetrics_skip_tracking":false,"_exactmetrics_sitenote_active":false,"_exactmetrics_sitenote_note":"","_exactmetrics_sitenote_category":0,"_monsterinsights_skip_tracking":false,"_monsterinsights_sitenote_active":false,"_monsterinsights_sitenote_note":"","_monsterinsights_sitenote_category":0,"footnotes":""},"class_list":["post-3543","page","type-page","status-publish","hentry"],"yoast_head":"<!-- This site is optimized with the Yoast SEO plugin v25.0 - https:\/\/yoast.com\/wordpress\/plugins\/seo\/ -->\n<title>Gerichte opdrachten inzake verzekeringen | Audiris<\/title>\n<meta name=\"description\" content=\"Audiris helpt u uw verzekeringspolissen onafhankelijk uit te werken. Leer meer over het mandaat voor gerichte opdrachten inzake verzekeringen.\" \/>\n<meta name=\"robots\" content=\"index, follow, max-snippet:-1, max-image-preview:large, max-video-preview:-1\" \/>\n<link rel=\"canonical\" href=\"https:\/\/www.audiris.be\/nl\/consulting-gerichte-opdracht-inzake-verzekeringen\/\" \/>\n<meta property=\"og:locale\" content=\"nl_NL\" \/>\n<meta property=\"og:type\" content=\"article\" \/>\n<meta property=\"og:title\" content=\"Gerichte opdrachten inzake verzekeringen | Audiris\" \/>\n<meta property=\"og:description\" content=\"Audiris helpt u uw verzekeringspolissen onafhankelijk uit te werken. Leer meer over het mandaat voor gerichte opdrachten inzake verzekeringen.\" \/>\n<meta property=\"og:url\" content=\"https:\/\/www.audiris.be\/nl\/consulting-gerichte-opdracht-inzake-verzekeringen\/\" \/>\n<meta property=\"og:site_name\" content=\"AUDIRIS\" \/>\n<meta property=\"article:modified_time\" content=\"2018-06-13T08:56:41+00:00\" \/>\n<meta name=\"twitter:card\" content=\"summary_large_image\" \/>\n<meta name=\"twitter:label1\" content=\"Geschatte leestijd\" \/>\n\t<meta name=\"twitter:data1\" content=\"2 minuten\" \/>\n<script type=\"application\/ld+json\" class=\"yoast-schema-graph\">{\"@context\":\"https:\/\/schema.org\",\"@graph\":[{\"@type\":\"WebPage\",\"@id\":\"https:\/\/www.audiris.be\/nl\/consulting-gerichte-opdracht-inzake-verzekeringen\/\",\"url\":\"https:\/\/www.audiris.be\/nl\/consulting-gerichte-opdracht-inzake-verzekeringen\/\",\"name\":\"Gerichte opdrachten inzake verzekeringen | Audiris\",\"isPartOf\":{\"@id\":\"https:\/\/www.audiris.be\/#website\"},\"datePublished\":\"2018-05-09T14:29:26+00:00\",\"dateModified\":\"2018-06-13T08:56:41+00:00\",\"description\":\"Audiris helpt u uw verzekeringspolissen onafhankelijk uit te werken. Leer meer over het mandaat voor gerichte opdrachten inzake verzekeringen.\",\"breadcrumb\":{\"@id\":\"https:\/\/www.audiris.be\/nl\/consulting-gerichte-opdracht-inzake-verzekeringen\/#breadcrumb\"},\"inLanguage\":\"nl-NL\",\"potentialAction\":[{\"@type\":\"ReadAction\",\"target\":[\"https:\/\/www.audiris.be\/nl\/consulting-gerichte-opdracht-inzake-verzekeringen\/\"]}]},{\"@type\":\"BreadcrumbList\",\"@id\":\"https:\/\/www.audiris.be\/nl\/consulting-gerichte-opdracht-inzake-verzekeringen\/#breadcrumb\",\"itemListElement\":[{\"@type\":\"ListItem\",\"position\":1,\"name\":\"Accueil\",\"item\":\"https:\/\/www.audiris.be\/nl\/\"},{\"@type\":\"ListItem\",\"position\":2,\"name\":\"Consulting: Gerichte opdracht inzake verzekeringen\"}]},{\"@type\":\"WebSite\",\"@id\":\"https:\/\/www.audiris.be\/#website\",\"url\":\"https:\/\/www.audiris.be\/\",\"name\":\"AUDIRIS\",\"description\":\"Depuis plus de 20 ans, Audiris accompagne les organismes publics et priv\u00e9s dans la r\u00e9organisation, la souscription, la n\u00e9gociation et le renouvellement des contrats d\u2019assurances\",\"potentialAction\":[{\"@type\":\"SearchAction\",\"target\":{\"@type\":\"EntryPoint\",\"urlTemplate\":\"https:\/\/www.audiris.be\/?s={search_term_string}\"},\"query-input\":{\"@type\":\"PropertyValueSpecification\",\"valueRequired\":true,\"valueName\":\"search_term_string\"}}],\"inLanguage\":\"nl-NL\"}]}<\/script>\n<!-- \/ Yoast SEO plugin. -->","yoast_head_json":{"title":"Gerichte opdrachten inzake verzekeringen | Audiris","description":"Audiris helpt u uw verzekeringspolissen onafhankelijk uit te werken. Leer meer over het mandaat voor gerichte opdrachten inzake verzekeringen.","robots":{"index":"index","follow":"follow","max-snippet":"max-snippet:-1","max-image-preview":"max-image-preview:large","max-video-preview":"max-video-preview:-1"},"canonical":"https:\/\/www.audiris.be\/nl\/consulting-gerichte-opdracht-inzake-verzekeringen\/","og_locale":"nl_NL","og_type":"article","og_title":"Gerichte opdrachten inzake verzekeringen | Audiris","og_description":"Audiris helpt u uw verzekeringspolissen onafhankelijk uit te werken. Leer meer over het mandaat voor gerichte opdrachten inzake verzekeringen.","og_url":"https:\/\/www.audiris.be\/nl\/consulting-gerichte-opdracht-inzake-verzekeringen\/","og_site_name":"AUDIRIS","article_modified_time":"2018-06-13T08:56:41+00:00","twitter_card":"summary_large_image","twitter_misc":{"Geschatte leestijd":"2 minuten"},"schema":{"@context":"https:\/\/schema.org","@graph":[{"@type":"WebPage","@id":"https:\/\/www.audiris.be\/nl\/consulting-gerichte-opdracht-inzake-verzekeringen\/","url":"https:\/\/www.audiris.be\/nl\/consulting-gerichte-opdracht-inzake-verzekeringen\/","name":"Gerichte opdrachten inzake verzekeringen | Audiris","isPartOf":{"@id":"https:\/\/www.audiris.be\/#website"},"datePublished":"2018-05-09T14:29:26+00:00","dateModified":"2018-06-13T08:56:41+00:00","description":"Audiris helpt u uw verzekeringspolissen onafhankelijk uit te werken. Leer meer over het mandaat voor gerichte opdrachten inzake verzekeringen.","breadcrumb":{"@id":"https:\/\/www.audiris.be\/nl\/consulting-gerichte-opdracht-inzake-verzekeringen\/#breadcrumb"},"inLanguage":"nl-NL","potentialAction":[{"@type":"ReadAction","target":["https:\/\/www.audiris.be\/nl\/consulting-gerichte-opdracht-inzake-verzekeringen\/"]}]},{"@type":"BreadcrumbList","@id":"https:\/\/www.audiris.be\/nl\/consulting-gerichte-opdracht-inzake-verzekeringen\/#breadcrumb","itemListElement":[{"@type":"ListItem","position":1,"name":"Accueil","item":"https:\/\/www.audiris.be\/nl\/"},{"@type":"ListItem","position":2,"name":"Consulting: Gerichte opdracht inzake verzekeringen"}]},{"@type":"WebSite","@id":"https:\/\/www.audiris.be\/#website","url":"https:\/\/www.audiris.be\/","name":"AUDIRIS","description":"Depuis plus de 20 ans, Audiris accompagne les organismes publics et priv\u00e9s dans la r\u00e9organisation, la souscription, la n\u00e9gociation et le renouvellement des contrats d\u2019assurances","potentialAction":[{"@type":"SearchAction","target":{"@type":"EntryPoint","urlTemplate":"https:\/\/www.audiris.be\/?s={search_term_string}"},"query-input":{"@type":"PropertyValueSpecification","valueRequired":true,"valueName":"search_term_string"}}],"inLanguage":"nl-NL"}]}},"_links":{"self":[{"href":"https:\/\/www.audiris.be\/nl\/wp-json\/wp\/v2\/pages\/3543","targetHints":{"allow":["GET"]}}],"collection":[{"href":"https:\/\/www.audiris.be\/nl\/wp-json\/wp\/v2\/pages"}],"about":[{"href":"https:\/\/www.audiris.be\/nl\/wp-json\/wp\/v2\/types\/page"}],"author":[{"embeddable":true,"href":"https:\/\/www.audiris.be\/nl\/wp-json\/wp\/v2\/users\/4"}],"replies":[{"embeddable":true,"href":"https:\/\/www.audiris.be\/nl\/wp-json\/wp\/v2\/comments?post=3543"}],"version-history":[{"count":0,"href":"https:\/\/www.audiris.be\/nl\/wp-json\/wp\/v2\/pages\/3543\/revisions"}],"wp:attachment":[{"href":"https:\/\/www.audiris.be\/nl\/wp-json\/wp\/v2\/media?parent=3543"}],"curies":[{"name":"wp","href":"https:\/\/api.w.org\/{rel}","templated":true}]}}