{"id":3532,"date":"2018-05-09T16:12:21","date_gmt":"2018-05-09T14:12:21","guid":{"rendered":"https:\/\/www.audiris.be\/hulp-bij-het-plaatsen-van-een-overheidsopdracht-inzake-verzekeringen\/"},"modified":"2018-06-13T10:59:11","modified_gmt":"2018-06-13T08:59:11","slug":"hulp-bij-het-plaatsen-van-een-overheidsopdracht-inzake-verzekeringen","status":"publish","type":"page","link":"https:\/\/www.audiris.be\/nl\/hulp-bij-het-plaatsen-van-een-overheidsopdracht-inzake-verzekeringen\/","title":{"rendered":"Hulp bij het plaatsen van een overheidsopdracht inzake verzekeringen"},"content":{"rendered":"<p>[vc_row][vc_column][vc_column_text]<\/p>\n<p class=\"p1\"><span class=\"s1\"><b>s uw lokale overheid of instelling van plan een overheidsopdracht van verzekeringen te plaatsen? Bent u op zoek naar goede praktijken in overheidsopdrachten van verzekeringen? Onze ervaring van meer dan 20 jaar als consultant in dit domein maakt van Audiris de expert die u nodig hebt.<\/b><\/span><\/p>\n<h3 class=\"p2\"><span class=\"s1\"><b>Begeleiding op maat<\/b><\/span><\/h3>\n<p class=\"p2\"><span class=\"s1\">De <b>wetgevingen<\/b> die de overheidsopdrachten en het verzekeringsrecht regelen, zijn ver van eenvoudig te zijn. Een perfecte kennis van het beheer van de verzekeringsrisico\u2019s in de openbare sector is dus onontbeerlijk.  Zo is <b>nauwkeurigheid<\/b> een noodzakelijke voorwaarde bij het plaatsen van dit type opdracht. Daarvoor kan uw aanbestedende dienst (van welk type ook) rekenen op de gespecialiseerde consultants van Audiris. Zij bieden een begeleiding op maat voor het plaatsen van een  <b>overheidsopdracht van verzekeringen<\/b>.<\/span><\/p>\n<p>[\/vc_column_text][vc_empty_space][\/vc_column][\/vc_row][vc_row][vc_column width=&#8221;1\/2&#8243;][vc_single_image image=&#8221;3488&#8243; alignment=&#8221;center&#8221;][\/vc_column][vc_column width=&#8221;1\/2&#8243;][vc_column_text]<\/p>\n<h3 class=\"p1\"><span class=\"s1\"><b> Begeleiding bij elke stap van een overheidsopdracht van verzekeringen <\/b><\/span><\/h3>\n<p class=\"p1\"><span class=\"s1\">Onze <b>experts<\/b> in verzekeringsrecht, algemeen recht en economie loodsen u door de verschillende stappen van een overheidsopdracht van verzekeringen:<\/span><\/p>\n<p>[\/vc_column_text][vc_column_text]<\/p>\n<ul class=\"ul1\">\n<li class=\"li1\"><span class=\"s2\"><b>Begrip van de risico\u2019s <\/b>van de cli\u00ebnt<\/span><\/li>\n<li class=\"li1\"><span class=\"s2\"> Nauwkeurig opstellen van <b>het speciale bestek van de verzekeringsmarkt<\/b> (administratieve en technische clausules betreffende de markt, algemene uitvoeringsregels, details van de vereiste dekkingen per groep, \u2026)<\/span><\/li>\n<li class=\"li1\"><span class=\"s2\"><b> Vergelijkend verslag<\/b> (offerteanalyse), verduidelijking, onderhandeling ingeval van onderhandelde procedure<\/span><\/li>\n<li class=\"li1\"><span class=\"s2\">Begeleiding van de aanbestedende dienst in de <b>voorbereiding van de aanbestedingsbeslissing<\/b><\/span><\/li>\n<li class=\"li1\"><span class=\"s2\"><b>Controle van de contractengeschiktheid:<\/b> controle van de nieuwe polissen opgemaakt door de aanbestedende dienst.<\/span><\/li>\n<li class=\"li1\"><span class=\"s2\">Eventuele bijstand aan de aanbestedende dienst om <b>lopende polissen op te zeggen en voor te bereiden<\/b>, teneinde een perfecte overgang te verzekeren tussen de nieuwe en de oude polissen<\/span><\/li>\n<\/ul>\n<p>[\/vc_column_text][\/vc_column][\/vc_row][vc_row full_width=&#8221;stretch_row&#8221; content_placement=&#8221;middle&#8221; css_animation=&#8221;fadeIn&#8221;][vc_column][vc_empty_space][vc_column_text]<\/p>\n<h3 class=\"p1\"><span class=\"s1\"><b> Perfecte beheersing <\/b><\/span><\/h3>\n<p class=\"p1\"><span class=\"s1\">Om geen fout te begaan bij het plaatsen van een overheidsopdracht van verzekeringen, vertrouw Audiris. We bouwen een <b>expertisebrug tussen de wetgeving inzake overheidsopdrachten en het verzekeringsrecht<\/b>. We beheersen al meer dan 20 jaar deze twee ingewikkelde vakken perfect. Maar dat is onze enige troef niet: <\/span><\/p>\n<ul class=\"ul1\">\n<li class=\"li1\"><span class=\"s1\">We analyseren en luisteren naar de behoeften van de aanbestedende dienst <\/span><\/li>\n<li class=\"li1\"><span class=\"s1\">We zijn totaal onafhankelijk tegenover de verzekeraars<\/span><\/li>\n<li class=\"li1\"><span class=\"s1\">We beschikken over een grondige expertise<\/span><\/li>\n<li class=\"li1\"><span class=\"s1\">We werken op maat <\/span><\/li>\n<\/ul>\n<p>[\/vc_column_text][vc_empty_space][\/vc_column][\/vc_row][vc_row content_placement=&#8221;middle&#8221;][vc_column width=&#8221;1\/2&#8243;][vc_btn title=&#8221;Neem contact met ons op om over uw overheidsopdracht van verzekeringen te spreken &#8221; style=&#8221;custom&#8221; custom_background=&#8221;#e4ad59&#8243; custom_text=&#8221;#ffffff&#8221; align=&#8221;center&#8221; i_icon_fontawesome=&#8221;fa fa-envelope&#8221; button_block=&#8221;true&#8221; add_icon=&#8221;true&#8221;][\/vc_column][vc_column width=&#8221;1\/2&#8243;][vc_btn title=&#8221;Bel ons op voor een begeleiding op maat&#8221; style=&#8221;custom&#8221; custom_background=&#8221;#e4ad59&#8243; custom_text=&#8221;#ffffff&#8221; align=&#8221;center&#8221; i_icon_fontawesome=&#8221;fa fa-phone&#8221; button_block=&#8221;true&#8221; add_icon=&#8221;true&#8221;][\/vc_column][\/vc_row]<\/p>\n","protected":false},"excerpt":{"rendered":"<p>[vc_row][vc_column][vc_column_text] s uw lokale overheid of instelling van plan een overheidsopdracht van verzekeringen te plaatsen? Bent u op zoek naar goede praktijken in overheidsopdrachten van verzekeringen? Onze ervaring van meer dan 20 jaar als consultant in dit domein maakt van Audiris de expert die u nodig hebt. Begeleiding op maat [&hellip;]<\/p>\n","protected":false},"author":4,"featured_media":0,"parent":0,"menu_order":0,"comment_status":"closed","ping_status":"closed","template":"","meta":{"_exactmetrics_skip_tracking":false,"_exactmetrics_sitenote_active":false,"_exactmetrics_sitenote_note":"","_exactmetrics_sitenote_category":0,"_monsterinsights_skip_tracking":false,"_monsterinsights_sitenote_active":false,"_monsterinsights_sitenote_note":"","_monsterinsights_sitenote_category":0,"footnotes":""},"class_list":["post-3532","page","type-page","status-publish","hentry"],"yoast_head":"<!-- This site is optimized with the Yoast SEO plugin v25.0 - https:\/\/yoast.com\/wordpress\/plugins\/seo\/ -->\n<title>Hulp bij het plaatsen van een overheidsopdracht van verzekeringen | Audiris<\/title>\n<meta name=\"description\" content=\"Moet uw aanbestedende dienst een overheidsopdracht van verzekeringen plaatsen? Audiris, een expert die deze materie beheerst, begeleidt u.\" \/>\n<meta name=\"robots\" content=\"index, follow, max-snippet:-1, max-image-preview:large, max-video-preview:-1\" \/>\n<link rel=\"canonical\" href=\"https:\/\/www.audiris.be\/nl\/hulp-bij-het-plaatsen-van-een-overheidsopdracht-inzake-verzekeringen\/\" \/>\n<meta property=\"og:locale\" content=\"nl_NL\" \/>\n<meta property=\"og:type\" content=\"article\" \/>\n<meta property=\"og:title\" content=\"Hulp bij het plaatsen van een overheidsopdracht van verzekeringen | Audiris\" \/>\n<meta property=\"og:description\" content=\"Moet uw aanbestedende dienst een overheidsopdracht van verzekeringen plaatsen? Audiris, een expert die deze materie beheerst, begeleidt u.\" \/>\n<meta property=\"og:url\" content=\"https:\/\/www.audiris.be\/nl\/hulp-bij-het-plaatsen-van-een-overheidsopdracht-inzake-verzekeringen\/\" \/>\n<meta property=\"og:site_name\" content=\"AUDIRIS\" \/>\n<meta property=\"article:modified_time\" content=\"2018-06-13T08:59:11+00:00\" \/>\n<meta name=\"twitter:card\" content=\"summary_large_image\" \/>\n<meta name=\"twitter:label1\" content=\"Geschatte leestijd\" \/>\n\t<meta name=\"twitter:data1\" content=\"2 minuten\" \/>\n<script type=\"application\/ld+json\" class=\"yoast-schema-graph\">{\"@context\":\"https:\/\/schema.org\",\"@graph\":[{\"@type\":\"WebPage\",\"@id\":\"https:\/\/www.audiris.be\/nl\/hulp-bij-het-plaatsen-van-een-overheidsopdracht-inzake-verzekeringen\/\",\"url\":\"https:\/\/www.audiris.be\/nl\/hulp-bij-het-plaatsen-van-een-overheidsopdracht-inzake-verzekeringen\/\",\"name\":\"Hulp bij het plaatsen van een overheidsopdracht van verzekeringen | Audiris\",\"isPartOf\":{\"@id\":\"https:\/\/www.audiris.be\/#website\"},\"datePublished\":\"2018-05-09T14:12:21+00:00\",\"dateModified\":\"2018-06-13T08:59:11+00:00\",\"description\":\"Moet uw aanbestedende dienst een overheidsopdracht van verzekeringen plaatsen? Audiris, een expert die deze materie beheerst, begeleidt u.\",\"breadcrumb\":{\"@id\":\"https:\/\/www.audiris.be\/nl\/hulp-bij-het-plaatsen-van-een-overheidsopdracht-inzake-verzekeringen\/#breadcrumb\"},\"inLanguage\":\"nl-NL\",\"potentialAction\":[{\"@type\":\"ReadAction\",\"target\":[\"https:\/\/www.audiris.be\/nl\/hulp-bij-het-plaatsen-van-een-overheidsopdracht-inzake-verzekeringen\/\"]}]},{\"@type\":\"BreadcrumbList\",\"@id\":\"https:\/\/www.audiris.be\/nl\/hulp-bij-het-plaatsen-van-een-overheidsopdracht-inzake-verzekeringen\/#breadcrumb\",\"itemListElement\":[{\"@type\":\"ListItem\",\"position\":1,\"name\":\"Accueil\",\"item\":\"https:\/\/www.audiris.be\/nl\/\"},{\"@type\":\"ListItem\",\"position\":2,\"name\":\"Hulp bij het plaatsen van een overheidsopdracht inzake verzekeringen\"}]},{\"@type\":\"WebSite\",\"@id\":\"https:\/\/www.audiris.be\/#website\",\"url\":\"https:\/\/www.audiris.be\/\",\"name\":\"AUDIRIS\",\"description\":\"Depuis plus de 20 ans, Audiris accompagne les organismes publics et priv\u00e9s dans la r\u00e9organisation, la souscription, la n\u00e9gociation et le renouvellement des contrats d\u2019assurances\",\"potentialAction\":[{\"@type\":\"SearchAction\",\"target\":{\"@type\":\"EntryPoint\",\"urlTemplate\":\"https:\/\/www.audiris.be\/?s={search_term_string}\"},\"query-input\":{\"@type\":\"PropertyValueSpecification\",\"valueRequired\":true,\"valueName\":\"search_term_string\"}}],\"inLanguage\":\"nl-NL\"}]}<\/script>\n<!-- \/ Yoast SEO plugin. -->","yoast_head_json":{"title":"Hulp bij het plaatsen van een overheidsopdracht van verzekeringen | Audiris","description":"Moet uw aanbestedende dienst een overheidsopdracht van verzekeringen plaatsen? Audiris, een expert die deze materie beheerst, begeleidt u.","robots":{"index":"index","follow":"follow","max-snippet":"max-snippet:-1","max-image-preview":"max-image-preview:large","max-video-preview":"max-video-preview:-1"},"canonical":"https:\/\/www.audiris.be\/nl\/hulp-bij-het-plaatsen-van-een-overheidsopdracht-inzake-verzekeringen\/","og_locale":"nl_NL","og_type":"article","og_title":"Hulp bij het plaatsen van een overheidsopdracht van verzekeringen | Audiris","og_description":"Moet uw aanbestedende dienst een overheidsopdracht van verzekeringen plaatsen? Audiris, een expert die deze materie beheerst, begeleidt u.","og_url":"https:\/\/www.audiris.be\/nl\/hulp-bij-het-plaatsen-van-een-overheidsopdracht-inzake-verzekeringen\/","og_site_name":"AUDIRIS","article_modified_time":"2018-06-13T08:59:11+00:00","twitter_card":"summary_large_image","twitter_misc":{"Geschatte leestijd":"2 minuten"},"schema":{"@context":"https:\/\/schema.org","@graph":[{"@type":"WebPage","@id":"https:\/\/www.audiris.be\/nl\/hulp-bij-het-plaatsen-van-een-overheidsopdracht-inzake-verzekeringen\/","url":"https:\/\/www.audiris.be\/nl\/hulp-bij-het-plaatsen-van-een-overheidsopdracht-inzake-verzekeringen\/","name":"Hulp bij het plaatsen van een overheidsopdracht van verzekeringen | Audiris","isPartOf":{"@id":"https:\/\/www.audiris.be\/#website"},"datePublished":"2018-05-09T14:12:21+00:00","dateModified":"2018-06-13T08:59:11+00:00","description":"Moet uw aanbestedende dienst een overheidsopdracht van verzekeringen plaatsen? Audiris, een expert die deze materie beheerst, begeleidt u.","breadcrumb":{"@id":"https:\/\/www.audiris.be\/nl\/hulp-bij-het-plaatsen-van-een-overheidsopdracht-inzake-verzekeringen\/#breadcrumb"},"inLanguage":"nl-NL","potentialAction":[{"@type":"ReadAction","target":["https:\/\/www.audiris.be\/nl\/hulp-bij-het-plaatsen-van-een-overheidsopdracht-inzake-verzekeringen\/"]}]},{"@type":"BreadcrumbList","@id":"https:\/\/www.audiris.be\/nl\/hulp-bij-het-plaatsen-van-een-overheidsopdracht-inzake-verzekeringen\/#breadcrumb","itemListElement":[{"@type":"ListItem","position":1,"name":"Accueil","item":"https:\/\/www.audiris.be\/nl\/"},{"@type":"ListItem","position":2,"name":"Hulp bij het plaatsen van een overheidsopdracht inzake verzekeringen"}]},{"@type":"WebSite","@id":"https:\/\/www.audiris.be\/#website","url":"https:\/\/www.audiris.be\/","name":"AUDIRIS","description":"Depuis plus de 20 ans, Audiris accompagne les organismes publics et priv\u00e9s dans la r\u00e9organisation, la souscription, la n\u00e9gociation et le renouvellement des contrats d\u2019assurances","potentialAction":[{"@type":"SearchAction","target":{"@type":"EntryPoint","urlTemplate":"https:\/\/www.audiris.be\/?s={search_term_string}"},"query-input":{"@type":"PropertyValueSpecification","valueRequired":true,"valueName":"search_term_string"}}],"inLanguage":"nl-NL"}]}},"_links":{"self":[{"href":"https:\/\/www.audiris.be\/nl\/wp-json\/wp\/v2\/pages\/3532","targetHints":{"allow":["GET"]}}],"collection":[{"href":"https:\/\/www.audiris.be\/nl\/wp-json\/wp\/v2\/pages"}],"about":[{"href":"https:\/\/www.audiris.be\/nl\/wp-json\/wp\/v2\/types\/page"}],"author":[{"embeddable":true,"href":"https:\/\/www.audiris.be\/nl\/wp-json\/wp\/v2\/users\/4"}],"replies":[{"embeddable":true,"href":"https:\/\/www.audiris.be\/nl\/wp-json\/wp\/v2\/comments?post=3532"}],"version-history":[{"count":0,"href":"https:\/\/www.audiris.be\/nl\/wp-json\/wp\/v2\/pages\/3532\/revisions"}],"wp:attachment":[{"href":"https:\/\/www.audiris.be\/nl\/wp-json\/wp\/v2\/media?parent=3532"}],"curies":[{"name":"wp","href":"https:\/\/api.w.org\/{rel}","templated":true}]}}