{"id":3527,"date":"2018-05-09T15:49:44","date_gmt":"2018-05-09T13:49:44","guid":{"rendered":"https:\/\/www.audiris.be\/contact\/"},"modified":"2023-01-09T10:29:57","modified_gmt":"2023-01-09T09:29:57","slug":"contact","status":"publish","type":"page","link":"https:\/\/www.audiris.be\/nl\/contact\/","title":{"rendered":"Contact"},"content":{"rendered":"<p>[vc_row full_width=&#8221;stretch_row&#8221; color_scheme=&#8221;white&#8221; css=&#8221;.vc_custom_1523609099554{background-color: #006594 !important;}&#8221;][vc_column][vc_column_text font_size=&#8221;xlarger&#8221; text_color=&#8221;white&#8221;]<\/p>\n<p style=\"text-align: center;\"><em><strong style=\"color: #fff;\"> \u00ab\u00a0Beetje bij beetje leer je gebaren herhalen, dat wordt expertise genoemd.\u00a0\u00bb <\/strong><\/em><\/p>\n<p style=\"color: #fff; text-align: center;\">&#8211; Alain Ducasse &#8211;<\/p>\n<p>[\/vc_column_text][\/vc_column][\/vc_row][vc_row bg_color_pre=&#8221;bg-color-1&#8243; css=&#8221;.vc_custom_1499421941604{padding-top: 75px !important;padding-bottom: 40px !important;}&#8221;][vc_column width=&#8221;1\/6&#8243; col_padding=&#8221;2&#8243; col_padding_side=&#8221;right&#8221;][\/vc_column][vc_column width=&#8221;2\/3&#8243; col_padding_side=&#8221;left&#8221;]<div class=\"special-heading vntd-heading heading-no-border heading-align-center heading-with-icon\"><div class=\"special-heading-icon colored\"><i class=\"vc_li vc_li-paperplane\"><\/i><\/div><h3 class=\"special-heading-title\">Contacteer ons<\/h3><p class=\"special-heading-subtitle\">Hebt u nog vragen? Wilt u ons ontmoeten? Wenst u meer informatie? Audiris is te uwer beschikking. Neem telefonisch contact met ons op. Stuur ons een mail of vul onderstaand formulier in.<\/p><\/div>\n<div class=\"wpcf7 no-js\" id=\"wpcf7-f3530-o1\" lang=\"fr-FR\" dir=\"ltr\" data-wpcf7-id=\"3530\">\n<div class=\"screen-reader-response\"><p role=\"status\" aria-live=\"polite\" aria-atomic=\"true\"><\/p> <ul><\/ul><\/div>\n<form action=\"\/nl\/wp-json\/wp\/v2\/pages\/3527#wpcf7-f3530-o1\" method=\"post\" class=\"wpcf7-form init\" aria-label=\"Formulaire de contact\" novalidate=\"novalidate\" data-status=\"init\">\n<div style=\"display: none;\">\n<input type=\"hidden\" name=\"_wpcf7\" value=\"3530\" \/>\n<input type=\"hidden\" name=\"_wpcf7_version\" value=\"6.0.6\" \/>\n<input type=\"hidden\" name=\"_wpcf7_locale\" value=\"fr_FR\" \/>\n<input type=\"hidden\" name=\"_wpcf7_unit_tag\" value=\"wpcf7-f3530-o1\" \/>\n<input type=\"hidden\" name=\"_wpcf7_container_post\" value=\"0\" \/>\n<input type=\"hidden\" name=\"_wpcf7_posted_data_hash\" value=\"\" \/>\n<input type=\"hidden\" name=\"_wpcf7_recaptcha_response\" value=\"\" \/>\n<\/div>\n<div class=\"vntd-contact-form\">\n\t<div class=\"form-group\">\n\t\t<p><span class=\"form-input-holder\"><span class=\"wpcf7-form-control-wrap\" data-name=\"your-organisation\"><input size=\"40\" maxlength=\"400\" class=\"wpcf7-form-control wpcf7-text wpcf7-validates-as-required form-control\" aria-required=\"true\" aria-invalid=\"false\" placeholder=\"Organisatie*\" value=\"\" type=\"text\" name=\"your-organisation\" \/><\/span><\/span>\n\t\t<\/p>\n\t<\/div>\n\t<div class=\"form-row\">\n\t\t<div class=\"row\">\n\t\t\t<div class=\"col-md-6\">\n\t\t\t\t<p><span class=\"wpcf7-form-control-wrap\" data-name=\"your-name\"><input size=\"40\" maxlength=\"400\" class=\"wpcf7-form-control wpcf7-text wpcf7-validates-as-required\" aria-required=\"true\" aria-invalid=\"false\" placeholder=\"Naam*\" value=\"\" type=\"text\" name=\"your-name\" \/><\/span>\n\t\t\t\t<\/p>\n\t\t\t<\/div>\n\t\t\t<div class=\"col-md-6\">\n\t\t\t\t<p><span class=\"wpcf7-form-control-wrap\" data-name=\"your-surname\"><input size=\"40\" maxlength=\"400\" class=\"wpcf7-form-control wpcf7-text wpcf7-validates-as-required\" aria-required=\"true\" aria-invalid=\"false\" placeholder=\"Voornaam*\" value=\"\" type=\"text\" name=\"your-surname\" \/><\/span>\n\t\t\t\t<\/p>\n\t\t\t<\/div>\n\t\t<\/div>\n\t<\/div>\n\t<div class=\"form-row\">\n\t\t<div class=\"row\">\n\t\t\t<div class=\"col-md-6\">\n\t\t\t\t<p><span class=\"wpcf7-form-control-wrap\" data-name=\"your-phone\"><input size=\"40\" maxlength=\"400\" class=\"wpcf7-form-control wpcf7-text wpcf7-validates-as-required\" aria-required=\"true\" aria-invalid=\"false\" placeholder=\"Telefoon*\" value=\"\" type=\"text\" name=\"your-phone\" \/><\/span>\n\t\t\t\t<\/p>\n\t\t\t<\/div>\n\t\t\t<div class=\"col-md-6\">\n\t\t\t\t<p><span class=\"wpcf7-form-control-wrap\" data-name=\"your-email\"><input size=\"40\" maxlength=\"400\" class=\"wpcf7-form-control wpcf7-email wpcf7-validates-as-required wpcf7-text wpcf7-validates-as-email\" aria-required=\"true\" aria-invalid=\"false\" placeholder=\"E-mail*\" value=\"\" type=\"email\" name=\"your-email\" \/><\/span>\n\t\t\t\t<\/p>\n\t\t\t<\/div>\n\t\t<\/div>\n\t<\/div>\n\t<div class=\"form-group\">\n\t\t<p><span class=\"form-input-holder\"><span class=\"wpcf7-form-control-wrap\" data-name=\"your-adress\"><input size=\"40\" maxlength=\"400\" class=\"wpcf7-form-control wpcf7-text form-control\" aria-invalid=\"false\" placeholder=\"Adres\" value=\"\" type=\"text\" name=\"your-adress\" \/><\/span><\/span>\n\t\t<\/p>\n\t<\/div>\n\t<div class=\"form-row\">\n\t\t<p><span class=\"form-input-holder\"><span class=\"wpcf7-form-control-wrap\" data-name=\"your-message\"><textarea cols=\"40\" rows=\"10\" maxlength=\"2000\" class=\"wpcf7-form-control wpcf7-textarea wpcf7-validates-as-required form-control\" aria-required=\"true\" aria-invalid=\"false\" placeholder=\"Boodschap*\" name=\"your-message\"><\/textarea><\/span><\/span>\n\t\t<\/p>\n\t<\/div>\n\t<p><input class=\"wpcf7-form-control wpcf7-submit has-spinner\" type=\"submit\" value=\"Zenden\" \/>\n\t<\/p>\n<\/div><p style=\"display: none !important;\" class=\"akismet-fields-container\" data-prefix=\"_wpcf7_ak_\"><label>&#916;<textarea name=\"_wpcf7_ak_hp_textarea\" cols=\"45\" rows=\"8\" maxlength=\"100\"><\/textarea><\/label><input type=\"hidden\" id=\"ak_js_1\" name=\"_wpcf7_ak_js\" value=\"180\"\/><script>document.getElementById( \"ak_js_1\" ).setAttribute( \"value\", ( new Date() ).getTime() );<\/script><\/p><div class=\"wpcf7-response-output\" aria-hidden=\"true\"><\/div>\n<\/form>\n<\/div>\n[\/vc_column][vc_column width=&#8221;1\/6&#8243;][\/vc_column][\/vc_row][vc_row equal_height=&#8221;yes&#8221; content_placement=&#8221;middle&#8221; css=&#8221;.vc_custom_1493997533098{padding-top: 85px !important;padding-bottom: 85px !important;}&#8221;][vc_column width=&#8221;1\/2&#8243; col_padding=&#8221;2&#8243; col_padding_side=&#8221;right&#8221; css=&#8221;.vc_custom_1493997470153{padding-top: 20px !important;}&#8221;][vc_column_text css=&#8221;.vc_custom_1523870533592{margin-bottom: 18px !important;}&#8221;]<\/p>\n<p class=\"p1\"><span class=\"s1\"><b>AUDIRIS S.A.<br \/>\n<\/b><\/span><\/p>\n<p>[\/vc_column_text]<div class=\"vntd-icon-list icon-list-regular icon-list-no-border icon-list-color-accent icon-list-circle\"><ul class=\"icon-list\"><li><i class=\"fa fa fa-map-o bg-color-accent\"><\/i><span class=\"icon-list-text\">Rue du Bergeant 10B-7900 Leuze-en-Hainaut<\/span><\/li><li><i class=\"fa fa fa-phone bg-color-accent\"><\/i><span class=\"icon-list-text\">069\/66 11 29<\/span><\/li><li><i class=\"fa fa fa-envelope-o bg-color-accent\"><\/i><span class=\"icon-list-text\">info@audiris.be <\/span><\/li><li><i class=\"fa fa fa-calculator bg-color-accent\"><\/i><span class=\"icon-list-text\">BE 0878.659.256<\/span><\/li><\/ul><\/div>[\/vc_column][vc_column width=&#8221;1\/2&#8243; col_padding=&#8221;2&#8243; col_padding_side=&#8221;left&#8221;][vc_raw_html]JTNDaWZyYW1lJTIwc3JjJTNEJTIyaHR0cHMlM0ElMkYlMkZ3d3cuZ29vZ2xlLmNvbSUyRm1hcHMlMkZlbWJlZCUzRnBiJTNEJTIxMW0xOCUyMTFtMTIlMjExbTMlMjExZDI1MzIuNjg2NTU0ODcyMTkwOCUyMTJkMy42MTI1ODkzMTU1OTk4MzklMjEzZDUwLjU5NTc3ODk3OTQ5NTY4JTIxMm0zJTIxMWYwJTIxMmYwJTIxM2YwJTIxM20yJTIxMWkxMDI0JTIxMmk3NjglMjE0ZjEzLjElMjEzbTMlMjExbTIlMjExczB4NDdjMmZkMTEwYTRiZjUzYiUyNTNBMHg0YWI2NmZjMzgwODNkMzVhJTIxMnNSdWUlMjUyMGR1JTI1MjBCZXJnZWFudCUyNTIwMTAlMjUyQyUyNTIwNzkwMCUyNTIwTGV1emUtZW4tSGFpbmF1dCUyMTVlMCUyMTNtMiUyMTFzZnIlMjEyc2JlJTIxNHYxNTgxMDAyMDQzMjIwJTIxNW0yJTIxMXNmciUyMTJzYmUlMjIlMjB3aWR0aCUzRCUyMjYwMCUyMiUyMGhlaWdodCUzRCUyMjQ1MCUyMiUyMGZyYW1lYm9yZGVyJTNEJTIyMCUyMiUyMHN0eWxlJTNEJTIyYm9yZGVyJTNBMCUzQiUyMiUyMGFsbG93ZnVsbHNjcmVlbiUzRCUyMiUyMiUzRSUzQyUyRmlmcmFtZSUzRQ==[\/vc_raw_html][\/vc_column][\/vc_row]<\/p>\n","protected":false},"excerpt":{"rendered":"<p>[vc_row full_width=&#8221;stretch_row&#8221; color_scheme=&#8221;white&#8221; css=&#8221;.vc_custom_1523609099554{background-color: #006594 !important;}&#8221;][vc_column][vc_column_text font_size=&#8221;xlarger&#8221; text_color=&#8221;white&#8221;] \u00ab\u00a0Beetje bij beetje leer je gebaren herhalen, dat wordt expertise genoemd.\u00a0\u00bb &#8211; Alain Ducasse &#8211; [\/vc_column_text][\/vc_column][\/vc_row][vc_row bg_color_pre=&#8221;bg-color-1&#8243; css=&#8221;.vc_custom_1499421941604{padding-top: 75px !important;padding-bottom: 40px !important;}&#8221;][vc_column width=&#8221;1\/6&#8243; col_padding=&#8221;2&#8243; col_padding_side=&#8221;right&#8221;][\/vc_column][vc_column width=&#8221;2\/3&#8243; col_padding_side=&#8221;left&#8221;][\/vc_column][vc_column width=&#8221;1\/6&#8243;][\/vc_column][\/vc_row][vc_row equal_height=&#8221;yes&#8221; content_placement=&#8221;middle&#8221; css=&#8221;.vc_custom_1493997533098{padding-top: 85px !important;padding-bottom: 85px !important;}&#8221;][vc_column width=&#8221;1\/2&#8243; col_padding=&#8221;2&#8243; col_padding_side=&#8221;right&#8221; css=&#8221;.vc_custom_1493997470153{padding-top: 20px !important;}&#8221;][vc_column_text css=&#8221;.vc_custom_1523870533592{margin-bottom: [&hellip;]<\/p>\n","protected":false},"author":2,"featured_media":0,"parent":0,"menu_order":0,"comment_status":"closed","ping_status":"closed","template":"","meta":{"_exactmetrics_skip_tracking":false,"_exactmetrics_sitenote_active":false,"_exactmetrics_sitenote_note":"","_exactmetrics_sitenote_category":0,"_monsterinsights_skip_tracking":false,"_monsterinsights_sitenote_active":false,"_monsterinsights_sitenote_note":"","_monsterinsights_sitenote_category":0,"footnotes":""},"class_list":["post-3527","page","type-page","status-publish","hentry"],"yoast_head":"<!-- This site is optimized with the Yoast SEO plugin v25.0 - https:\/\/yoast.com\/wordpress\/plugins\/seo\/ -->\n<title>Contacteer ons | Audiris<\/title>\n<meta name=\"description\" content=\"Contacteer ons\" \/>\n<meta name=\"robots\" content=\"index, follow, max-snippet:-1, max-image-preview:large, max-video-preview:-1\" \/>\n<link rel=\"canonical\" href=\"https:\/\/www.audiris.be\/nl\/contact\/\" \/>\n<meta property=\"og:locale\" content=\"nl_NL\" \/>\n<meta property=\"og:type\" content=\"article\" \/>\n<meta property=\"og:title\" content=\"Contacteer ons | Audiris\" \/>\n<meta property=\"og:description\" content=\"Contacteer ons\" \/>\n<meta property=\"og:url\" content=\"https:\/\/www.audiris.be\/nl\/contact\/\" \/>\n<meta property=\"og:site_name\" content=\"AUDIRIS\" \/>\n<meta property=\"article:modified_time\" content=\"2023-01-09T09:29:57+00:00\" \/>\n<meta name=\"twitter:card\" content=\"summary_large_image\" \/>\n<meta name=\"twitter:label1\" content=\"Geschatte leestijd\" \/>\n\t<meta name=\"twitter:data1\" content=\"1 minuut\" \/>\n<script type=\"application\/ld+json\" class=\"yoast-schema-graph\">{\"@context\":\"https:\/\/schema.org\",\"@graph\":[{\"@type\":\"WebPage\",\"@id\":\"https:\/\/www.audiris.be\/nl\/contact\/\",\"url\":\"https:\/\/www.audiris.be\/nl\/contact\/\",\"name\":\"Contacteer ons | Audiris\",\"isPartOf\":{\"@id\":\"https:\/\/www.audiris.be\/#website\"},\"datePublished\":\"2018-05-09T13:49:44+00:00\",\"dateModified\":\"2023-01-09T09:29:57+00:00\",\"description\":\"Contacteer ons\",\"breadcrumb\":{\"@id\":\"https:\/\/www.audiris.be\/nl\/contact\/#breadcrumb\"},\"inLanguage\":\"nl-NL\",\"potentialAction\":[{\"@type\":\"ReadAction\",\"target\":[\"https:\/\/www.audiris.be\/nl\/contact\/\"]}]},{\"@type\":\"BreadcrumbList\",\"@id\":\"https:\/\/www.audiris.be\/nl\/contact\/#breadcrumb\",\"itemListElement\":[{\"@type\":\"ListItem\",\"position\":1,\"name\":\"Accueil\",\"item\":\"https:\/\/www.audiris.be\/nl\/\"},{\"@type\":\"ListItem\",\"position\":2,\"name\":\"Contact\"}]},{\"@type\":\"WebSite\",\"@id\":\"https:\/\/www.audiris.be\/#website\",\"url\":\"https:\/\/www.audiris.be\/\",\"name\":\"AUDIRIS\",\"description\":\"Depuis plus de 20 ans, Audiris accompagne les organismes publics et priv\u00e9s dans la r\u00e9organisation, la souscription, la n\u00e9gociation et le renouvellement des contrats d\u2019assurances\",\"potentialAction\":[{\"@type\":\"SearchAction\",\"target\":{\"@type\":\"EntryPoint\",\"urlTemplate\":\"https:\/\/www.audiris.be\/?s={search_term_string}\"},\"query-input\":{\"@type\":\"PropertyValueSpecification\",\"valueRequired\":true,\"valueName\":\"search_term_string\"}}],\"inLanguage\":\"nl-NL\"}]}<\/script>\n<!-- \/ Yoast SEO plugin. -->","yoast_head_json":{"title":"Contacteer ons | Audiris","description":"Contacteer ons","robots":{"index":"index","follow":"follow","max-snippet":"max-snippet:-1","max-image-preview":"max-image-preview:large","max-video-preview":"max-video-preview:-1"},"canonical":"https:\/\/www.audiris.be\/nl\/contact\/","og_locale":"nl_NL","og_type":"article","og_title":"Contacteer ons | Audiris","og_description":"Contacteer ons","og_url":"https:\/\/www.audiris.be\/nl\/contact\/","og_site_name":"AUDIRIS","article_modified_time":"2023-01-09T09:29:57+00:00","twitter_card":"summary_large_image","twitter_misc":{"Geschatte leestijd":"1 minuut"},"schema":{"@context":"https:\/\/schema.org","@graph":[{"@type":"WebPage","@id":"https:\/\/www.audiris.be\/nl\/contact\/","url":"https:\/\/www.audiris.be\/nl\/contact\/","name":"Contacteer ons | Audiris","isPartOf":{"@id":"https:\/\/www.audiris.be\/#website"},"datePublished":"2018-05-09T13:49:44+00:00","dateModified":"2023-01-09T09:29:57+00:00","description":"Contacteer ons","breadcrumb":{"@id":"https:\/\/www.audiris.be\/nl\/contact\/#breadcrumb"},"inLanguage":"nl-NL","potentialAction":[{"@type":"ReadAction","target":["https:\/\/www.audiris.be\/nl\/contact\/"]}]},{"@type":"BreadcrumbList","@id":"https:\/\/www.audiris.be\/nl\/contact\/#breadcrumb","itemListElement":[{"@type":"ListItem","position":1,"name":"Accueil","item":"https:\/\/www.audiris.be\/nl\/"},{"@type":"ListItem","position":2,"name":"Contact"}]},{"@type":"WebSite","@id":"https:\/\/www.audiris.be\/#website","url":"https:\/\/www.audiris.be\/","name":"AUDIRIS","description":"Depuis plus de 20 ans, Audiris accompagne les organismes publics et priv\u00e9s dans la r\u00e9organisation, la souscription, la n\u00e9gociation et le renouvellement des contrats d\u2019assurances","potentialAction":[{"@type":"SearchAction","target":{"@type":"EntryPoint","urlTemplate":"https:\/\/www.audiris.be\/?s={search_term_string}"},"query-input":{"@type":"PropertyValueSpecification","valueRequired":true,"valueName":"search_term_string"}}],"inLanguage":"nl-NL"}]}},"_links":{"self":[{"href":"https:\/\/www.audiris.be\/nl\/wp-json\/wp\/v2\/pages\/3527","targetHints":{"allow":["GET"]}}],"collection":[{"href":"https:\/\/www.audiris.be\/nl\/wp-json\/wp\/v2\/pages"}],"about":[{"href":"https:\/\/www.audiris.be\/nl\/wp-json\/wp\/v2\/types\/page"}],"author":[{"embeddable":true,"href":"https:\/\/www.audiris.be\/nl\/wp-json\/wp\/v2\/users\/2"}],"replies":[{"embeddable":true,"href":"https:\/\/www.audiris.be\/nl\/wp-json\/wp\/v2\/comments?post=3527"}],"version-history":[{"count":0,"href":"https:\/\/www.audiris.be\/nl\/wp-json\/wp\/v2\/pages\/3527\/revisions"}],"wp:attachment":[{"href":"https:\/\/www.audiris.be\/nl\/wp-json\/wp\/v2\/media?parent=3527"}],"curies":[{"name":"wp","href":"https:\/\/api.w.org\/{rel}","templated":true}]}}