{"id":3506,"date":"2018-04-27T12:30:30","date_gmt":"2018-04-27T10:30:30","guid":{"rendered":"https:\/\/www.audiris.be\/diensten\/"},"modified":"2023-01-09T10:31:47","modified_gmt":"2023-01-09T09:31:47","slug":"diensten","status":"publish","type":"page","link":"https:\/\/www.audiris.be\/nl\/diensten\/","title":{"rendered":"Diensten"},"content":{"rendered":"<p>[vc_row full_width=&#8221;stretch_row&#8221; color_scheme=&#8221;white&#8221; css=&#8221;.vc_custom_1523609099554{background-color: #006594 !important;}&#8221;][vc_column][vc_column_text font_size=&#8221;xlarger&#8221; text_color=&#8221;white&#8221;]<\/p>\n<p style=\"text-align: center;\"><em><strong style=\"color: #fff;\"> \u00ab\u00a0Naar de andere luisteren is begrijpen wat niet gezegd wordt.\u00a0\u00bb <\/strong><\/em><\/p>\n<p style=\"color: #fff; text-align: center;\">&#8211; Alfred Vanesse &#8211;<\/p>\n<p>[\/vc_column_text][\/vc_column][\/vc_row][vc_row equal_height=&#8221;yes&#8221; content_placement=&#8221;middle&#8221; bg_color_pre=&#8221;bg-color-1&#8243; css=&#8221;.vc_custom_1499354472324{padding-top: 90px !important;padding-bottom: 90px !important;}&#8221;][vc_column width=&#8221;1\/2&#8243; col_padding=&#8221;2&#8243; col_padding_side=&#8221;right&#8221;][vc_single_image image=&#8221;4030&#8243; img_size=&#8221;700&#215;600&#8243; css_animation=&#8221;none&#8221; css=&#8221;.vc_custom_1673256679423{margin-bottom: 0px !important;}&#8221;][\/vc_column][vc_column width=&#8221;1\/2&#8243; col_padding=&#8221;2&#8243; col_padding_side=&#8221;left&#8221;][vc_column_text]<\/p>\n<h3>Audit van verzekeringsdossiers<\/h3>\n<p>Audiris is een revisor gespecialiseerd in overheidsopdrachten inzake verzekeringen. Ontdek wat een verzekeringsaudit u kan opleveren.[\/vc_column_text][vc_btn title=&#8221;MEER INFORMATIE +&#8221; style=&#8221;custom&#8221; custom_background=&#8221;#f89423&#8243; custom_text=&#8221;#ffffff&#8221; link=&#8221;url:https%3A%2F%2Fwww.audiris.be%2Fnl%2Faudit-verzekeringsdossiers%2F|||&#8221;][\/vc_column][\/vc_row][vc_row equal_height=&#8221;yes&#8221; content_placement=&#8221;middle&#8221; css=&#8221;.vc_custom_1493822260304{padding-top: 90px !important;padding-bottom: 90px !important;}&#8221;][vc_column width=&#8221;1\/2&#8243; col_padding=&#8221;2&#8243; col_padding_side=&#8221;right&#8221;][vc_column_text]<\/p>\n<h3>Hulp bij het plaatsen van een overheidsopdracht inzake verzekeringen<\/h3>\n<p>Moet uw aanbestedende dienst een overheidsopdracht plaatsen? Doe dan een beroep op Audiris, een expert die deze materie grondig beheerst.<br \/>\n[\/vc_column_text][vc_btn title=&#8221;MEER INFORMATIE +&#8221; style=&#8221;custom&#8221; custom_background=&#8221;#f89423&#8243; custom_text=&#8221;#ffffff&#8221; link=&#8221;url:https%3A%2F%2Fwww.audiris.be%2Fnl%2Fhulp-bij-het-plaatsen-van-een-overheidsopdracht-inzake-verzekeringen%2F|||&#8221;][\/vc_column][vc_column width=&#8221;1\/2&#8243; col_padding=&#8221;2&#8243; col_padding_side=&#8221;left&#8221;][vc_single_image image=&#8221;4032&#8243; img_size=&#8221;800&#215;700&#8243; css_animation=&#8221;none&#8221; css=&#8221;.vc_custom_1673256701192{margin-bottom: 0px !important;}&#8221;][\/vc_column][\/vc_row][vc_row equal_height=&#8221;yes&#8221; content_placement=&#8221;middle&#8221; bg_color_pre=&#8221;bg-color-1&#8243; css=&#8221;.vc_custom_1499354472324{padding-top: 90px !important;padding-bottom: 90px !important;}&#8221;][vc_column width=&#8221;1\/2&#8243; col_padding=&#8221;2&#8243; col_padding_side=&#8221;right&#8221;][vc_single_image image=&#8221;4027&#8243; img_size=&#8221;800&#215;700&#8243; css_animation=&#8221;none&#8221; frame=&#8221;&#8221; css=&#8221;.vc_custom_1673256452454{margin-bottom: 0px !important;}&#8221;][\/vc_column][vc_column width=&#8221;1\/2&#8243; col_padding=&#8221;2&#8243; col_padding_side=&#8221;left&#8221;][vc_column_text]<\/p>\n<h3>Consulting: gerichte opdracht inzake verzekeringen<\/h3>\n<p>Audiris helpt u bij de uitwerking van uw verzekeringspolissen in alle onafhankelijkheid. Leer meer over het mandaat voor gerichte opdrachten inzake verzekeringen.[\/vc_column_text][vc_btn title=&#8221;MEER INFORMATIE +&#8221; style=&#8221;custom&#8221; custom_background=&#8221;#f89423&#8243; custom_text=&#8221;#ffffff&#8221; link=&#8221;url:https%3A%2F%2Fwww.audiris.be%2Fnl%2Fconsulting-gerichte-opdracht-inzake-verzekeringen%2F|||&#8221;][\/vc_column][\/vc_row]<\/p>\n","protected":false},"excerpt":{"rendered":"<p>[vc_row full_width=&#8221;stretch_row&#8221; color_scheme=&#8221;white&#8221; css=&#8221;.vc_custom_1523609099554{background-color: #006594 !important;}&#8221;][vc_column][vc_column_text font_size=&#8221;xlarger&#8221; text_color=&#8221;white&#8221;] \u00ab\u00a0Naar de andere luisteren is begrijpen wat niet gezegd wordt.\u00a0\u00bb &#8211; Alfred Vanesse &#8211; [\/vc_column_text][\/vc_column][\/vc_row][vc_row equal_height=&#8221;yes&#8221; content_placement=&#8221;middle&#8221; bg_color_pre=&#8221;bg-color-1&#8243; css=&#8221;.vc_custom_1499354472324{padding-top: 90px !important;padding-bottom: 90px !important;}&#8221;][vc_column width=&#8221;1\/2&#8243; col_padding=&#8221;2&#8243; col_padding_side=&#8221;right&#8221;][vc_single_image image=&#8221;4030&#8243; img_size=&#8221;700&#215;600&#8243; css_animation=&#8221;none&#8221; css=&#8221;.vc_custom_1673256679423{margin-bottom: 0px !important;}&#8221;][\/vc_column][vc_column width=&#8221;1\/2&#8243; col_padding=&#8221;2&#8243; col_padding_side=&#8221;left&#8221;][vc_column_text] Audit van verzekeringsdossiers Audiris is een revisor [&hellip;]<\/p>\n","protected":false},"author":2,"featured_media":0,"parent":0,"menu_order":0,"comment_status":"closed","ping_status":"closed","template":"","meta":{"_exactmetrics_skip_tracking":false,"_exactmetrics_sitenote_active":false,"_exactmetrics_sitenote_note":"","_exactmetrics_sitenote_category":0,"_monsterinsights_skip_tracking":false,"_monsterinsights_sitenote_active":false,"_monsterinsights_sitenote_note":"","_monsterinsights_sitenote_category":0,"footnotes":""},"class_list":["post-3506","page","type-page","status-publish","hentry"],"yoast_head":"<!-- This site is optimized with the Yoast SEO plugin v25.0 - https:\/\/yoast.com\/wordpress\/plugins\/seo\/ -->\n<title>Diensten - AUDIRIS<\/title>\n<meta name=\"robots\" content=\"index, follow, max-snippet:-1, max-image-preview:large, max-video-preview:-1\" \/>\n<link rel=\"canonical\" href=\"https:\/\/www.audiris.be\/nl\/diensten\/\" \/>\n<meta property=\"og:locale\" content=\"nl_NL\" \/>\n<meta property=\"og:type\" content=\"article\" \/>\n<meta property=\"og:title\" content=\"Diensten - AUDIRIS\" \/>\n<meta property=\"og:description\" content=\"[vc_row full_width=&#8221;stretch_row&#8221; color_scheme=&#8221;white&#8221; css=&#8221;.vc_custom_1523609099554{background-color: #006594 !important;}&#8221;][vc_column][vc_column_text font_size=&#8221;xlarger&#8221; text_color=&#8221;white&#8221;] \u00ab\u00a0Naar de andere luisteren is begrijpen wat niet gezegd wordt.\u00a0\u00bb &#8211; Alfred Vanesse &#8211; [\/vc_column_text][\/vc_column][\/vc_row][vc_row equal_height=&#8221;yes&#8221; content_placement=&#8221;middle&#8221; bg_color_pre=&#8221;bg-color-1&#8243; css=&#8221;.vc_custom_1499354472324{padding-top: 90px !important;padding-bottom: 90px !important;}&#8221;][vc_column width=&#8221;1\/2&#8243; col_padding=&#8221;2&#8243; col_padding_side=&#8221;right&#8221;][vc_single_image image=&#8221;4030&#8243; img_size=&#8221;700&#215;600&#8243; css_animation=&#8221;none&#8221; css=&#8221;.vc_custom_1673256679423{margin-bottom: 0px !important;}&#8221;][\/vc_column][vc_column width=&#8221;1\/2&#8243; col_padding=&#8221;2&#8243; col_padding_side=&#8221;left&#8221;][vc_column_text] Audit van verzekeringsdossiers Audiris is een revisor [&hellip;]\" \/>\n<meta property=\"og:url\" content=\"https:\/\/www.audiris.be\/nl\/diensten\/\" \/>\n<meta property=\"og:site_name\" content=\"AUDIRIS\" \/>\n<meta property=\"article:modified_time\" content=\"2023-01-09T09:31:47+00:00\" \/>\n<meta name=\"twitter:card\" content=\"summary_large_image\" \/>\n<meta name=\"twitter:label1\" content=\"Geschatte leestijd\" \/>\n\t<meta name=\"twitter:data1\" content=\"1 minuut\" \/>\n<script type=\"application\/ld+json\" class=\"yoast-schema-graph\">{\"@context\":\"https:\/\/schema.org\",\"@graph\":[{\"@type\":\"WebPage\",\"@id\":\"https:\/\/www.audiris.be\/nl\/diensten\/\",\"url\":\"https:\/\/www.audiris.be\/nl\/diensten\/\",\"name\":\"Diensten - AUDIRIS\",\"isPartOf\":{\"@id\":\"https:\/\/www.audiris.be\/#website\"},\"datePublished\":\"2018-04-27T10:30:30+00:00\",\"dateModified\":\"2023-01-09T09:31:47+00:00\",\"breadcrumb\":{\"@id\":\"https:\/\/www.audiris.be\/nl\/diensten\/#breadcrumb\"},\"inLanguage\":\"nl-NL\",\"potentialAction\":[{\"@type\":\"ReadAction\",\"target\":[\"https:\/\/www.audiris.be\/nl\/diensten\/\"]}]},{\"@type\":\"BreadcrumbList\",\"@id\":\"https:\/\/www.audiris.be\/nl\/diensten\/#breadcrumb\",\"itemListElement\":[{\"@type\":\"ListItem\",\"position\":1,\"name\":\"Accueil\",\"item\":\"https:\/\/www.audiris.be\/nl\/\"},{\"@type\":\"ListItem\",\"position\":2,\"name\":\"Diensten\"}]},{\"@type\":\"WebSite\",\"@id\":\"https:\/\/www.audiris.be\/#website\",\"url\":\"https:\/\/www.audiris.be\/\",\"name\":\"AUDIRIS\",\"description\":\"Depuis plus de 20 ans, Audiris accompagne les organismes publics et priv\u00e9s dans la r\u00e9organisation, la souscription, la n\u00e9gociation et le renouvellement des contrats d\u2019assurances\",\"potentialAction\":[{\"@type\":\"SearchAction\",\"target\":{\"@type\":\"EntryPoint\",\"urlTemplate\":\"https:\/\/www.audiris.be\/?s={search_term_string}\"},\"query-input\":{\"@type\":\"PropertyValueSpecification\",\"valueRequired\":true,\"valueName\":\"search_term_string\"}}],\"inLanguage\":\"nl-NL\"}]}<\/script>\n<!-- \/ Yoast SEO plugin. -->","yoast_head_json":{"title":"Diensten - AUDIRIS","robots":{"index":"index","follow":"follow","max-snippet":"max-snippet:-1","max-image-preview":"max-image-preview:large","max-video-preview":"max-video-preview:-1"},"canonical":"https:\/\/www.audiris.be\/nl\/diensten\/","og_locale":"nl_NL","og_type":"article","og_title":"Diensten - AUDIRIS","og_description":"[vc_row full_width=&#8221;stretch_row&#8221; color_scheme=&#8221;white&#8221; css=&#8221;.vc_custom_1523609099554{background-color: #006594 !important;}&#8221;][vc_column][vc_column_text font_size=&#8221;xlarger&#8221; text_color=&#8221;white&#8221;] \u00ab\u00a0Naar de andere luisteren is begrijpen wat niet gezegd wordt.\u00a0\u00bb &#8211; Alfred Vanesse &#8211; [\/vc_column_text][\/vc_column][\/vc_row][vc_row equal_height=&#8221;yes&#8221; content_placement=&#8221;middle&#8221; bg_color_pre=&#8221;bg-color-1&#8243; css=&#8221;.vc_custom_1499354472324{padding-top: 90px !important;padding-bottom: 90px !important;}&#8221;][vc_column width=&#8221;1\/2&#8243; col_padding=&#8221;2&#8243; col_padding_side=&#8221;right&#8221;][vc_single_image image=&#8221;4030&#8243; img_size=&#8221;700&#215;600&#8243; css_animation=&#8221;none&#8221; css=&#8221;.vc_custom_1673256679423{margin-bottom: 0px !important;}&#8221;][\/vc_column][vc_column width=&#8221;1\/2&#8243; col_padding=&#8221;2&#8243; col_padding_side=&#8221;left&#8221;][vc_column_text] Audit van verzekeringsdossiers Audiris is een revisor [&hellip;]","og_url":"https:\/\/www.audiris.be\/nl\/diensten\/","og_site_name":"AUDIRIS","article_modified_time":"2023-01-09T09:31:47+00:00","twitter_card":"summary_large_image","twitter_misc":{"Geschatte leestijd":"1 minuut"},"schema":{"@context":"https:\/\/schema.org","@graph":[{"@type":"WebPage","@id":"https:\/\/www.audiris.be\/nl\/diensten\/","url":"https:\/\/www.audiris.be\/nl\/diensten\/","name":"Diensten - AUDIRIS","isPartOf":{"@id":"https:\/\/www.audiris.be\/#website"},"datePublished":"2018-04-27T10:30:30+00:00","dateModified":"2023-01-09T09:31:47+00:00","breadcrumb":{"@id":"https:\/\/www.audiris.be\/nl\/diensten\/#breadcrumb"},"inLanguage":"nl-NL","potentialAction":[{"@type":"ReadAction","target":["https:\/\/www.audiris.be\/nl\/diensten\/"]}]},{"@type":"BreadcrumbList","@id":"https:\/\/www.audiris.be\/nl\/diensten\/#breadcrumb","itemListElement":[{"@type":"ListItem","position":1,"name":"Accueil","item":"https:\/\/www.audiris.be\/nl\/"},{"@type":"ListItem","position":2,"name":"Diensten"}]},{"@type":"WebSite","@id":"https:\/\/www.audiris.be\/#website","url":"https:\/\/www.audiris.be\/","name":"AUDIRIS","description":"Depuis plus de 20 ans, Audiris accompagne les organismes publics et priv\u00e9s dans la r\u00e9organisation, la souscription, la n\u00e9gociation et le renouvellement des contrats d\u2019assurances","potentialAction":[{"@type":"SearchAction","target":{"@type":"EntryPoint","urlTemplate":"https:\/\/www.audiris.be\/?s={search_term_string}"},"query-input":{"@type":"PropertyValueSpecification","valueRequired":true,"valueName":"search_term_string"}}],"inLanguage":"nl-NL"}]}},"_links":{"self":[{"href":"https:\/\/www.audiris.be\/nl\/wp-json\/wp\/v2\/pages\/3506","targetHints":{"allow":["GET"]}}],"collection":[{"href":"https:\/\/www.audiris.be\/nl\/wp-json\/wp\/v2\/pages"}],"about":[{"href":"https:\/\/www.audiris.be\/nl\/wp-json\/wp\/v2\/types\/page"}],"author":[{"embeddable":true,"href":"https:\/\/www.audiris.be\/nl\/wp-json\/wp\/v2\/users\/2"}],"replies":[{"embeddable":true,"href":"https:\/\/www.audiris.be\/nl\/wp-json\/wp\/v2\/comments?post=3506"}],"version-history":[{"count":0,"href":"https:\/\/www.audiris.be\/nl\/wp-json\/wp\/v2\/pages\/3506\/revisions"}],"wp:attachment":[{"href":"https:\/\/www.audiris.be\/nl\/wp-json\/wp\/v2\/media?parent=3506"}],"curies":[{"name":"wp","href":"https:\/\/api.w.org\/{rel}","templated":true}]}}