{"id":3381,"date":"2017-07-05T16:58:46","date_gmt":"2017-07-05T16:58:46","guid":{"rendered":"https:\/\/www.audiris.be\/home-1\/"},"modified":"2023-01-09T10:37:57","modified_gmt":"2023-01-09T09:37:57","slug":"home-1","status":"publish","type":"page","link":"https:\/\/www.audiris.be\/nl\/","title":{"rendered":"Accueil"},"content":{"rendered":"<p>[vc_row][vc_column]    \n    <div id=\"veented-slider-73204\" class=\"veented-slider vntd-section veented-slider-holder veented-slider-navigation-white fullscreen-section fullwidth-section\" data-slider-autoplay=\"7000\" data-slider-effect=\"slide\" data-slider-speed=\"700\" data-slider-loop=\"true\" data-slider-touch=\"true\" data-slider-direction=\"horizontal\">\n\t\n\t\t<div class=\"veented-slider-loader\">\n\t\t\t<div class=\"spinner\">\n\t\t\t  <div class=\"dot1\"><\/div>\n\t\t\t  <div class=\"dot2\"><\/div>\n\t\t\t<\/div>\n\t\t<\/div>\n\t\t\n\t\t<div class=\"veented-slider-container swiper-containers  fullscreen-section\">\n\t\t\n\t\t\t<div class=\"veented-slider-inner swiper-wrapper\">\n\t\t\t\n\t\t\t\t\t\t\t\t\n\t\t\t\t<div id=\"slide-id-3945\" class=\"swiper-slide veented-slide slide-nr-1 slide-id-3945 slide-type-image color-scheme-light slide-align-left slide-content-fullwidth\">\n\t\t\t\t\n\t\t\t\t\t<div class=\"veented-slide-bg-image\" style=\"background-image: url('https:\/\/www.audiris.be\/wp-content\/uploads\/2018\/01\/bg-slide.jpg');\"><img decoding=\"async\" src=\"https:\/\/www.audiris.be\/wp-content\/uploads\/2018\/01\/bg-slide.jpg\" alt=\" \u00ab\u00a0\u00a0Om onze consultancydiensten in verzekeringen tot een goed einde te brengen, baseert Audiris zich op een grondige juridische kennis van het verzekeringsrecht\u00a0\u00bb\"><\/div>\t\t\t\t\n\t\t\t\t\t<div class=\"slide-container container\">\n\t\t\t\t\t\t<div class=\"veented-slide-inner\">\n\t\t\t\t\t\t\t<h2 class=\"veented-slide-heading animated animatedSlider\"> \u00ab\u00a0\u00a0Om onze consultancydiensten in verzekeringen tot een goed einde te brengen, baseert Audiris zich op een grondige juridische kennis van het verzekeringsrecht\u00a0\u00bb<\/h2><p class=\"veented-slide-subtitle animated animatedSlider\">Bernard Degauquier, auditeur<\/p><div class=\"veented-slide-buttons animated animatedSlider\"><a href=\"#\"class=\"btn btn-lg veented-slide-button veented-slide-button1 btn-solid  btn-default-radius btn-custom btn-hover-white button-scroll-after-slider\" style=\"background-color:#eeab47;\"><span>Learn More<\/span><\/a><\/div>\t\t\t\t\t\t\t\n\t\t\t\t\t\t<\/div>\n\t\t\t\t\t\t\n\t\t\t\t\t<\/div>\n\t\t\t\t\t\n\t\t\t\t\t\t\t\t\t\n\t\t\t\t<\/div>\n\t\t\t\t\t\t\t\t\t\n\t\t\t\t    \n\t\t\n\t\t\t<\/div>\n\t\t\t\n\t\t\t\t\t\n\t\t\t<div class=\"veented-slider-pagination swiper-pagination\"><\/div>\n\t\t\t\n\t\t\t\t\t\t\n\t\t\t<!-- Slider Arrows -->\n\t\t\t\n\t\t\t<div class=\"swiper-button-next\"><i class=\"fa fa-angle-right\"><\/i><\/div>\n\t\t\t<div class=\"swiper-button-prev\"><i class=\"fa fa-angle-left\"><\/i><\/div>\n\n\t\t\t<style type=\"text\/css\">#slide-id-3945 .veented-slide-heading {font-weight: 300;font-family: 'Lato', Helvetica, Arial, sans-serif;font-size: 36px;}#slide-id-3945 .veented-slide-subtitle {}<\/style>\t\t\n\t\t<\/div>\n\t\n\t<\/div>\n\t\n\t[\/vc_column][\/vc_row][vc_row equal_height=&#8221;yes&#8221; content_placement=&#8221;middle&#8221; css=&#8221;.vc_custom_1499957735553{padding-top: 70px !important;}&#8221;][vc_column width=&#8221;1\/2&#8243; col_padding=&#8221;2&#8243; col_padding_side=&#8221;right&#8221;][vc_single_image image=&#8221;4020&#8243; alignment=&#8221;center&#8221; css_animation=&#8221;none&#8221; css=&#8221;.vc_custom_1673256977746{margin-bottom: 0px !important;}&#8221;][\/vc_column][vc_column width=&#8221;1\/2&#8243; col_padding=&#8221;2&#8243; col_padding_side=&#8221;left&#8221;][vc_column_text font_size=&#8221;medium&#8221;]<\/p>\n<p class=\"p1\" style=\"text-align: justify;\">Al meer dan 20 jaar begeleidt Audiris openbare en private organismen in de reorganisatie, onderschrijving, onderhandeling en hernieuwing van verzekeringscontracten. Als auditor en consultant in\u00a0<b>publieke verzekeringsmarkten<\/b>\u00a0voert Audiris een gedetailleerde en grondige\u00a0<b>audit uit van uw verzekeringsportefeuille<\/b>\u00a0<strong>uit<\/strong> teneinde de sterke en zwakke punten ervan aan te wijzen inzake risicodekking. Dankzij onze weloverwogen adviezen bent u in staat het\u00a0<b>risicobeheer<\/b>\u00a0en de\u00a0<b>kostenvermindering<\/b>\u00a0van uw verzekeringsportefeuille te optimaliseren.<\/p>\n<p>[\/vc_column_text][vc_btn title=&#8221;MEER INFORMATIE&#8221; style=&#8221;custom&#8221; custom_background=&#8221;#f89423&#8243; custom_text=&#8221;#ffffff&#8221; link=&#8221;url:https%3A%2F%2Fwww.audiris.be%2Fnl%2Faudit-verzekeringsdossiers%2F|||&#8221;][\/vc_column][\/vc_row][vc_row equal_height=&#8221;yes&#8221; content_placement=&#8221;middle&#8221; css=&#8221;.vc_custom_1528184013891{padding-top: 125px !important;}&#8221;][vc_column width=&#8221;1\/2&#8243; col_padding=&#8221;2&#8243; col_padding_side=&#8221;right&#8221;][vc_column_text font_size=&#8221;medium&#8221;]<\/p>\n<p class=\"p1\" style=\"text-align: justify;\">Als onafhankelijke speler helpt Audiris u tevens bij\u00a0<b>het plaatsen van overheidsopdrachten inzake verzekeringen<\/b>\u00a0en begeleidt de\u00a0<b>aanbestedende dienst<\/b>\u00a0in al de stappen van een publieke verzekeringsmarkt.\u00a0<b>Audiris begeleidt u op een methodische en pedagogische manier<\/b>\u00a0vanaf de keuze van de aanbestedingsprocedure tot het toezicht op de naleving van de polissen overeenkomstig het bestek.<\/p>\n<p>[\/vc_column_text][vc_btn title=&#8221;MEER INFORMATIE&#8221; style=&#8221;custom&#8221; custom_background=&#8221;#f89423&#8243; custom_text=&#8221;#ffffff&#8221; link=&#8221;url:https%3A%2F%2Fwww.audiris.be%2Fnl%2Fconsulting-gerichte-opdracht-inzake-verzekeringen%2F|||&#8221;][\/vc_column][vc_column width=&#8221;1\/2&#8243; col_padding=&#8221;2&#8243; col_padding_side=&#8221;left&#8221;][vc_single_image image=&#8221;4023&#8243; css_animation=&#8221;none&#8221; css=&#8221;.vc_custom_1673256994384{margin-bottom: 0px !important;}&#8221;][\/vc_column][\/vc_row][vc_row equal_height=&#8221;yes&#8221; content_placement=&#8221;middle&#8221; css=&#8221;.vc_custom_1499957679370{padding-top: 90px !important;padding-bottom: 90px !important;}&#8221;][vc_column width=&#8221;1\/2&#8243; col_padding=&#8221;2&#8243; col_padding_side=&#8221;right&#8221; css=&#8221;.vc_custom_1528184977905{padding-top: 30px !important;}&#8221;][vc_single_image image=&#8221;4025&#8243; css_animation=&#8221;none&#8221; css=&#8221;.vc_custom_1673257016107{margin-bottom: 0px !important;}&#8221;][\/vc_column][vc_column width=&#8221;1\/2&#8243; col_padding=&#8221;2&#8243; col_padding_side=&#8221;left&#8221; css=&#8221;.vc_custom_1528188371423{padding-top: 40px !important;}&#8221;][vc_column_text font_size=&#8221;medium&#8221;]<\/p>\n<h2 class=\"p1\"><span class=\"s1\"><b>Onze sterkte? Onze knowhow!<\/b><\/span><\/h2>\n<p class=\"p2\" style=\"text-align: justify;\"><span class=\"s1\">We stellen u een\u00a0<b>hypergespecialiseerd team<\/b>\u00a0van juristen, economisten en dossierbeheerders ter beschikking. Elk van hen is een expert in zijn of haar domein. Zonder uw behoeften uit het oog te verliezen beheersen ze het verzekeringsrecht, het risico- en schadebeheer, alsook de regelgeving inzake overheidsopdrachten. Ons ultieme streefdoel? U begeleiden om\u00a0<b>uw operationele kosten<\/b>\u00a0te\u00a0<b>verminderen<\/b>\u00a0en\u00a0<b>de doeltreffendheid van uw verzekeringsportefeuille<\/b>\u00a0<strong>te<\/strong>\u00a0<b>verbeteren<\/b>.\u00a0<\/span><\/p>\n<p>[\/vc_column_text][vc_btn title=&#8221;MEER INFORMATIE&#8221; style=&#8221;custom&#8221; custom_background=&#8221;#f89423&#8243; custom_text=&#8221;#ffffff&#8221; link=&#8221;url:https%3A%2F%2Fwww.audiris.be%2Fnl%2Faudit-verzekeringsdossiers%2F|||&#8221;][\/vc_column][\/vc_row][vc_row full_width=&#8221;stretch_row&#8221; color_scheme=&#8221;white&#8221; bg_gradient1=&#8221;#7f7f7f&#8221; css=&#8221;.vc_custom_1528181791096{padding-top: 0px !important;background-color: #006594 !important;}&#8221; el_class=&#8221;nodisplay&#8221;][vc_column][vc_column_text font_size=&#8221;xlarger&#8221; text_color=&#8221;white&#8221; css=&#8221;.vc_custom_1518623063628{padding-top: 30px !important;}&#8221;]<\/p>\n<p style=\"text-align: center;\"><em><strong style=\"color: #fff;\">\u00ab\u00a0Quel que soit le type de contrat conclu avec Audiris, vous b\u00e9n\u00e9ficierez toujours des avantages d\u2019une relation de proximit\u00e9 . \u00bb<\/strong><\/em><\/p>\n<p>[\/vc_column_text][\/vc_column][\/vc_row][vc_row][vc_column][vc_column_text]<\/p>\n<h2 class=\"p1\" style=\"text-align: center;\"><span class=\"s1\"><b>Waarom een beroep doen op onze diensten?<\/b><\/span><\/h2>\n<p class=\"p2\" style=\"text-align: center;\"><span class=\"s1\">De wetgevingen inzake overheidsopdrachten en verzekeringsrecht zijn complex.<br \/>\nEen\u00a0<b>grondige analyse<\/b>\u00a0moet dus rigoureus uitgevoerd worden door consulenten in verzekeringsmarkten. <\/span><\/p>\n<p class=\"p2\" style=\"text-align: center;\"><strong><span class=\"s1\">Hun taak is veelzijdig :<\/span><\/strong><\/p>\n<p>[\/vc_column_text][vc_row_inner][vc_column_inner width=&#8221;1\/3&#8243;][vc_column_text]<\/p>\n<h5 style=\"text-align: left;\"><span class=\"s2\">Ze voeren een<span style=\"color: #f89423;\">\u00a0<\/span><\/span><span style=\"color: #ff9900;\"><a style=\"color: #ff9900;\" href=\"https:\/\/www.audiris.be\/audit-verzekeringsdossiers\/?lang=nl\" target=\"_blank\" rel=\"noopener\"><span class=\"s3\"><b><span style=\"color: #ff9900;\"><span style=\"color: #ffcc00;\"><span style=\"color: #f89423;\">specifieke risico- en verzekeringsaudit<\/span>\u00a0<\/span><\/span><\/b><\/span><\/a><\/span><span class=\"s2\"><span style=\"color: #ff9900;\"><b>\u00a0<\/b><\/span>uit :\u00a0<\/span><\/h5>\n<p>[\/vc_column_text]<div class=\"vntd-icon-list icon-list-simple icon-list-basic icon-list-color-accent\"><ul class=\"icon-list\"><li><i class=\"fa fa-star-o color-accent\"><\/i>Analyse van de coherentie van uw verzekeringsportefeuille<\/li><li><i class=\"fa fa-star-o color-accent\"><\/i>Verzekering Risk Management<\/li><li><i class=\"fa fa-star-o color-accent\"><\/i>Identificatie van de sterke en zwakke punten<\/li><\/ul><\/div>[\/vc_column_inner][vc_column_inner width=&#8221;1\/3&#8243;][vc_column_text]<\/p>\n<h5><span class=\"s2\">Ze helpen bij het\u00a0<\/span><span class=\"s3\"><b><span style=\"color: #f89423;\"><a style=\"color: #f89423;\" href=\"https:\/\/www.audiris.be\/hulp-bij-het-plaatsen-van-een-overheidsopdracht-inzake-verzekeringen\/?lang=nl\" target=\"_blank\" rel=\"noopener\">plaatsen van overheidsopdrachten inzake verzekeringen<\/a><\/span>\u00a0:<\/b><\/span><\/h5>\n<p>[\/vc_column_text]<div class=\"vntd-icon-list icon-list-simple icon-list-basic icon-list-color-accent\"><ul class=\"icon-list\"><li><i class=\"fa fa-star-o color-accent\"><\/i>Opmaak van een speciaal bestek<\/li><li><i class=\"fa fa-star-o color-accent\"><\/i>Offerteanalyse<\/li><li><i class=\"fa fa-star-o color-accent\"><\/i> verduidelijkingen en eventuele onderhandelingen<\/li><li><i class=\"fa fa-star-o color-accent\"><\/i>Begeleiding in de voorbereiding van de aanbestedingsbeslissing<\/li><li><i class=\"fa fa-star-o color-accent\"><\/i>Controle van de nieuwe polissen opgemaakt door de aanbestedende dienst van de verzekeringsmarkt<\/li><\/ul><\/div>[\/vc_column_inner][vc_column_inner width=&#8221;1\/3&#8243;][vc_column_text]<\/p>\n<h5 style=\"text-align: left;\"><span class=\"s2\">Ze voeren elke\u00a0<\/span><span style=\"color: #f89423;\"><a style=\"color: #f89423;\" href=\"https:\/\/www.audiris.be\/consulting-gerichte-opdracht-inzake-verzekeringen\/?lang=nl\" target=\"_blank\" rel=\"noopener\">gerichte opdracht inzake verzekeringen<\/a><\/span><span class=\"s4\">\u00a0<\/span><span class=\"s2\">uit :<\/span><\/h5>\n<p>[\/vc_column_text]<div class=\"vntd-icon-list icon-list-simple icon-list-basic icon-list-color-accent\"><ul class=\"icon-list\"><li><i class=\"fa fa-star-o color-accent\"><\/i>Regiewerk<\/li><li><i class=\"fa fa-star-o color-accent\"><\/i>Mandaat voor gerichte opdrachten<\/li><\/ul><\/div>[\/vc_column_inner][\/vc_row_inner][vc_empty_space height=&#8221;170px&#8221;][\/vc_column][\/vc_row][vc_row content_placement=&#8221;middle&#8221; color_scheme=&#8221;white&#8221; bg_gradient1=&#8221;#7f7f7f&#8221; css=&#8221;.vc_custom_1528182286212{margin-top: -90px !important;padding-top: 0px !important;background-color: #006594 !important;}&#8221;][vc_column][vc_column_text font_size=&#8221;xlarger&#8221; text_color=&#8221;white&#8221; css=&#8221;.vc_custom_1528192748878{padding-top: 30px !important;}&#8221;]<\/p>\n<h4 class=\"p1\" style=\"text-align: center;\"><span style=\"color: #ffffff;\">&#8220;Horen betekent niet luisteren omdat horen een gevoel is en luisteren een kunst is. &#8220;<\/span><\/h4>\n<h4 id=\"tw-target-text\" class=\"tw-data-text tw-ta tw-text-large\" dir=\"ltr\" data-placeholder=\"Traduction\"><span lang=\"nl\" style=\"color: #333333;\"><span style=\"color: #ffffff;\">\u00a0 \u00a0 \u00a0 \u00a0 \u00a0 \u00a0 \u00a0 \u00a0 \u00a0 \u00a0 \u00a0 \u00a0 \u00a0 \u00a0 \u00a0 \u00a0 \u00a0 \u00a0 \u00a0 \u00a0 \u00a0 \u00a0 \u00a0 \u00a0 \u00a0 \u00a0 \u00a0 \u00a0 \u00a0 \u00a0 \u00a0 \u00a0 \u00a0 \u00a0 \u00a0 \u00a0 \u00a0 \u00a0 \u00a0 \u00a0 \u00a0 \u00a0 \u00a0 \u00a0 \u00a0 \u00a0 \u00a0 \u00a0 \u00a0 \u00a0 \u00a0 \u00a0 \u00a0 \u00a0 \u00a0 \u00a0 \u00a0 \u00a0 \u00a0 \u00a0 \u00a0 \u00a0 \u00a0 \u00a0 \u00a0 \u00a0 \u00a0 \u00a0 \u00a0 \u00a0 \u00a0 \u00a0 \u00a0 \u00a0 \u00a0 \u00a0 Anoniem<\/span>\u00a0 \u00a0 \u00a0 \u00a0 \u00a0 \u00a0\u00a0<\/span><\/h4>\n<p>[\/vc_column_text][\/vc_column][\/vc_row][vc_row equal_height=&#8221;yes&#8221; content_placement=&#8221;middle&#8221; css=&#8221;.vc_custom_1499957679370{padding-top: 90px !important;padding-bottom: 90px !important;}&#8221;][vc_column width=&#8221;1\/2&#8243; col_padding=&#8221;2&#8243; col_padding_side=&#8221;right&#8221;][vc_single_image image=&#8221;4027&#8243; css_animation=&#8221;none&#8221; css=&#8221;.vc_custom_1673257071409{margin-bottom: 0px !important;}&#8221;][\/vc_column][vc_column width=&#8221;1\/2&#8243; col_padding=&#8221;2&#8243; col_padding_side=&#8221;left&#8221;][vc_column_text font_size=&#8221;medium&#8221;]<\/p>\n<h2 class=\"p1\"><span class=\"s1\"><b>Wie zijn onze klanten?<\/b><\/span><\/h2>\n<h5 class=\"p1\"><span class=\"s1\"><b>Openbare en sociale organismen\u00a0<\/b>:<\/span><\/h5>\n<p>[\/vc_column_text]<div class=\"vntd-icon-list icon-list-simple icon-list-basic icon-list-color-accent\"><ul class=\"icon-list\"><li><i class=\"fa fa-star-o color-accent\"><\/i>Federale<\/li><li><i class=\"fa fa-star-o color-accent\"><\/i> regionale<\/li><li><i class=\"fa fa-star-o color-accent\"><\/i> provinciale en lokale overheidsdiensten<\/li><li><i class=\"fa fa-star-o color-accent\"><\/i>OCMW en politiezones<\/li><li><i class=\"fa fa-star-o color-accent\"><\/i>Ziekenhuizen en gesubsidieerde collectiviteiten<\/li><li><i class=\"fa fa-star-o color-accent\"><\/i>Ziekenfondsen<\/li><li><i class=\"fa fa-star-o color-accent\"><\/i>Openbare woningcorporaties<\/li><li><i class=\"fa fa-star-o color-accent\"><\/i>Autonome gemeentebedrijven<\/li><li><i class=\"fa fa-star-o color-accent\"><\/i>Onderwijsinstellingen (scholen<\/li><li><i class=\"fa fa-star-o color-accent\"><\/i> hogescholen<\/li><li><i class=\"fa fa-star-o color-accent\"><\/i> universiteiten<\/li><li><i class=\"fa fa-star-o color-accent\"><\/i> beroepsopleiding)<\/li><li><i class=\"fa fa-star-o color-accent\"><\/i>Maatwerkbedrijven<\/li><li><i class=\"fa fa-star-o color-accent\"><\/i>En elke gesubsidieerde VZW<\/li><\/ul><\/div>[vc_btn title=&#8221;MEER INFORMATIE&#8221; style=&#8221;custom&#8221; custom_background=&#8221;#f89423&#8243; custom_text=&#8221;#ffffff&#8221; link=&#8221;url:%2Fconsulting-gerichte-opdracht-inzake-verzekeringen%2F%3Flang%3Dnl|||&#8221;][\/vc_column][\/vc_row][vc_row full_width=&#8221;stretch_row_content_no_spaces&#8221;][vc_column]<div class=\"vntd-cta cta-text-color-white bg-color-accent cta-align-center\"><div class=\"container\"><div class=\"row\"><div class=\"cta-texts\"><h2 class=\"cta-heading\"><span>Overtuigd ?<\/span><\/h2><p class=\"cta-subtitle\">Neem gerust contact met ons op en we zullen zo spoedig mogelijk contact met u opnemen om onze samenwerking te starten !<\/p><\/div><div class=\"cta-buttons\"><a href=\"https:\/\/www.audiris.be\/nl\/contact\/\" target=\" _blank\" title=\"Contact\" class=\"btn cta-btn1 btn-solid btn-accent3 btn-hover-dark\">Contacteer ons ! <\/a><\/div><\/div><\/div><\/div>[\/vc_column][\/vc_row]<\/p>\n","protected":false},"excerpt":{"rendered":"<p>[vc_row][vc_column][\/vc_column][\/vc_row][vc_row equal_height=&#8221;yes&#8221; content_placement=&#8221;middle&#8221; css=&#8221;.vc_custom_1499957735553{padding-top: 70px !important;}&#8221;][vc_column width=&#8221;1\/2&#8243; col_padding=&#8221;2&#8243; col_padding_side=&#8221;right&#8221;][vc_single_image image=&#8221;4020&#8243; alignment=&#8221;center&#8221; css_animation=&#8221;none&#8221; css=&#8221;.vc_custom_1673256977746{margin-bottom: 0px !important;}&#8221;][\/vc_column][vc_column width=&#8221;1\/2&#8243; col_padding=&#8221;2&#8243; col_padding_side=&#8221;left&#8221;][vc_column_text font_size=&#8221;medium&#8221;] Al meer dan 20 jaar begeleidt Audiris openbare en private organismen in de reorganisatie, onderschrijving, onderhandeling en hernieuwing van verzekeringscontracten. Als auditor en consultant in\u00a0publieke verzekeringsmarkten\u00a0voert Audiris een gedetailleerde en grondige\u00a0audit [&hellip;]<\/p>\n","protected":false},"author":2,"featured_media":0,"parent":0,"menu_order":0,"comment_status":"closed","ping_status":"closed","template":"","meta":{"_exactmetrics_skip_tracking":false,"_exactmetrics_sitenote_active":false,"_exactmetrics_sitenote_note":"","_exactmetrics_sitenote_category":0,"_monsterinsights_skip_tracking":false,"_monsterinsights_sitenote_active":false,"_monsterinsights_sitenote_note":"","_monsterinsights_sitenote_category":0,"footnotes":""},"class_list":["post-3381","page","type-page","status-publish","hentry"],"yoast_head":"<!-- This site is optimized with the Yoast SEO plugin v25.0 - https:\/\/yoast.com\/wordpress\/plugins\/seo\/ -->\n<title>Accueil - AUDIRIS<\/title>\n<meta name=\"robots\" content=\"index, follow, max-snippet:-1, max-image-preview:large, max-video-preview:-1\" \/>\n<link rel=\"canonical\" href=\"https:\/\/www.audiris.be\/nl\/\" \/>\n<meta property=\"og:locale\" content=\"nl_NL\" \/>\n<meta property=\"og:type\" content=\"article\" \/>\n<meta property=\"og:title\" content=\"Accueil - AUDIRIS\" \/>\n<meta property=\"og:description\" content=\"[vc_row][vc_column][\/vc_column][\/vc_row][vc_row equal_height=&#8221;yes&#8221; content_placement=&#8221;middle&#8221; css=&#8221;.vc_custom_1499957735553{padding-top: 70px !important;}&#8221;][vc_column width=&#8221;1\/2&#8243; col_padding=&#8221;2&#8243; col_padding_side=&#8221;right&#8221;][vc_single_image image=&#8221;4020&#8243; alignment=&#8221;center&#8221; css_animation=&#8221;none&#8221; css=&#8221;.vc_custom_1673256977746{margin-bottom: 0px !important;}&#8221;][\/vc_column][vc_column width=&#8221;1\/2&#8243; col_padding=&#8221;2&#8243; col_padding_side=&#8221;left&#8221;][vc_column_text font_size=&#8221;medium&#8221;] Al meer dan 20 jaar begeleidt Audiris openbare en private organismen in de reorganisatie, onderschrijving, onderhandeling en hernieuwing van verzekeringscontracten. Als auditor en consultant in\u00a0publieke verzekeringsmarkten\u00a0voert Audiris een gedetailleerde en grondige\u00a0audit [&hellip;]\" \/>\n<meta property=\"og:url\" content=\"https:\/\/www.audiris.be\/nl\/\" \/>\n<meta property=\"og:site_name\" content=\"AUDIRIS\" \/>\n<meta property=\"article:modified_time\" content=\"2023-01-09T09:37:57+00:00\" \/>\n<meta name=\"twitter:card\" content=\"summary_large_image\" \/>\n<meta name=\"twitter:label1\" content=\"Geschatte leestijd\" \/>\n\t<meta name=\"twitter:data1\" content=\"3 minuten\" \/>\n<script type=\"application\/ld+json\" class=\"yoast-schema-graph\">{\"@context\":\"https:\/\/schema.org\",\"@graph\":[{\"@type\":\"WebPage\",\"@id\":\"https:\/\/www.audiris.be\/nl\/\",\"url\":\"https:\/\/www.audiris.be\/nl\/\",\"name\":\"Accueil - AUDIRIS\",\"isPartOf\":{\"@id\":\"https:\/\/www.audiris.be\/#website\"},\"datePublished\":\"2017-07-05T16:58:46+00:00\",\"dateModified\":\"2023-01-09T09:37:57+00:00\",\"breadcrumb\":{\"@id\":\"https:\/\/www.audiris.be\/nl\/#breadcrumb\"},\"inLanguage\":\"nl-NL\",\"potentialAction\":[{\"@type\":\"ReadAction\",\"target\":[\"https:\/\/www.audiris.be\/nl\/\"]}]},{\"@type\":\"BreadcrumbList\",\"@id\":\"https:\/\/www.audiris.be\/nl\/#breadcrumb\",\"itemListElement\":[{\"@type\":\"ListItem\",\"position\":1,\"name\":\"Accueil\",\"item\":\"https:\/\/www.audiris.be\/nl\/\"},{\"@type\":\"ListItem\",\"position\":2,\"name\":\"Accueil\"}]},{\"@type\":\"WebSite\",\"@id\":\"https:\/\/www.audiris.be\/#website\",\"url\":\"https:\/\/www.audiris.be\/\",\"name\":\"AUDIRIS\",\"description\":\"Depuis plus de 20 ans, Audiris accompagne les organismes publics et priv\u00e9s dans la r\u00e9organisation, la souscription, la n\u00e9gociation et le renouvellement des contrats d\u2019assurances\",\"potentialAction\":[{\"@type\":\"SearchAction\",\"target\":{\"@type\":\"EntryPoint\",\"urlTemplate\":\"https:\/\/www.audiris.be\/?s={search_term_string}\"},\"query-input\":{\"@type\":\"PropertyValueSpecification\",\"valueRequired\":true,\"valueName\":\"search_term_string\"}}],\"inLanguage\":\"nl-NL\"}]}<\/script>\n<!-- \/ Yoast SEO plugin. -->","yoast_head_json":{"title":"Accueil - AUDIRIS","robots":{"index":"index","follow":"follow","max-snippet":"max-snippet:-1","max-image-preview":"max-image-preview:large","max-video-preview":"max-video-preview:-1"},"canonical":"https:\/\/www.audiris.be\/nl\/","og_locale":"nl_NL","og_type":"article","og_title":"Accueil - AUDIRIS","og_description":"[vc_row][vc_column][\/vc_column][\/vc_row][vc_row equal_height=&#8221;yes&#8221; content_placement=&#8221;middle&#8221; css=&#8221;.vc_custom_1499957735553{padding-top: 70px !important;}&#8221;][vc_column width=&#8221;1\/2&#8243; col_padding=&#8221;2&#8243; col_padding_side=&#8221;right&#8221;][vc_single_image image=&#8221;4020&#8243; alignment=&#8221;center&#8221; css_animation=&#8221;none&#8221; css=&#8221;.vc_custom_1673256977746{margin-bottom: 0px !important;}&#8221;][\/vc_column][vc_column width=&#8221;1\/2&#8243; col_padding=&#8221;2&#8243; col_padding_side=&#8221;left&#8221;][vc_column_text font_size=&#8221;medium&#8221;] Al meer dan 20 jaar begeleidt Audiris openbare en private organismen in de reorganisatie, onderschrijving, onderhandeling en hernieuwing van verzekeringscontracten. Als auditor en consultant in\u00a0publieke verzekeringsmarkten\u00a0voert Audiris een gedetailleerde en grondige\u00a0audit [&hellip;]","og_url":"https:\/\/www.audiris.be\/nl\/","og_site_name":"AUDIRIS","article_modified_time":"2023-01-09T09:37:57+00:00","twitter_card":"summary_large_image","twitter_misc":{"Geschatte leestijd":"3 minuten"},"schema":{"@context":"https:\/\/schema.org","@graph":[{"@type":"WebPage","@id":"https:\/\/www.audiris.be\/nl\/","url":"https:\/\/www.audiris.be\/nl\/","name":"Accueil - AUDIRIS","isPartOf":{"@id":"https:\/\/www.audiris.be\/#website"},"datePublished":"2017-07-05T16:58:46+00:00","dateModified":"2023-01-09T09:37:57+00:00","breadcrumb":{"@id":"https:\/\/www.audiris.be\/nl\/#breadcrumb"},"inLanguage":"nl-NL","potentialAction":[{"@type":"ReadAction","target":["https:\/\/www.audiris.be\/nl\/"]}]},{"@type":"BreadcrumbList","@id":"https:\/\/www.audiris.be\/nl\/#breadcrumb","itemListElement":[{"@type":"ListItem","position":1,"name":"Accueil","item":"https:\/\/www.audiris.be\/nl\/"},{"@type":"ListItem","position":2,"name":"Accueil"}]},{"@type":"WebSite","@id":"https:\/\/www.audiris.be\/#website","url":"https:\/\/www.audiris.be\/","name":"AUDIRIS","description":"Depuis plus de 20 ans, Audiris accompagne les organismes publics et priv\u00e9s dans la r\u00e9organisation, la souscription, la n\u00e9gociation et le renouvellement des contrats d\u2019assurances","potentialAction":[{"@type":"SearchAction","target":{"@type":"EntryPoint","urlTemplate":"https:\/\/www.audiris.be\/?s={search_term_string}"},"query-input":{"@type":"PropertyValueSpecification","valueRequired":true,"valueName":"search_term_string"}}],"inLanguage":"nl-NL"}]}},"_links":{"self":[{"href":"https:\/\/www.audiris.be\/nl\/wp-json\/wp\/v2\/pages\/3381","targetHints":{"allow":["GET"]}}],"collection":[{"href":"https:\/\/www.audiris.be\/nl\/wp-json\/wp\/v2\/pages"}],"about":[{"href":"https:\/\/www.audiris.be\/nl\/wp-json\/wp\/v2\/types\/page"}],"author":[{"embeddable":true,"href":"https:\/\/www.audiris.be\/nl\/wp-json\/wp\/v2\/users\/2"}],"replies":[{"embeddable":true,"href":"https:\/\/www.audiris.be\/nl\/wp-json\/wp\/v2\/comments?post=3381"}],"version-history":[{"count":0,"href":"https:\/\/www.audiris.be\/nl\/wp-json\/wp\/v2\/pages\/3381\/revisions"}],"wp:attachment":[{"href":"https:\/\/www.audiris.be\/nl\/wp-json\/wp\/v2\/media?parent=3381"}],"curies":[{"name":"wp","href":"https:\/\/api.w.org\/{rel}","templated":true}]}}